{"id":948,"date":"2022-05-17T20:30:41","date_gmt":"2022-05-17T20:30:41","guid":{"rendered":"https:\/\/rakitna.si\/ucna-pot\/?page_id=948"},"modified":"2022-05-17T20:38:40","modified_gmt":"2022-05-17T20:38:40","slug":"delovni-listi-za-osnovnosolce","status":"publish","type":"page","link":"https:\/\/rakitna.si\/ucna-pot\/delovni-listi-za-osnovnosolce\/","title":{"rendered":"Delovni listi za osnovno\u0161olce\u200b"},"content":{"rendered":"\t\t<div data-elementor-type=\"wp-page\" data-elementor-id=\"948\" class=\"elementor elementor-948\" data-elementor-settings=\"[]\">\n\t\t\t\t\t\t\t<div class=\"elementor-section-wrap\">\n\t\t\t\t\t\t\t<section class=\"has_eae_slider elementor-section elementor-top-section elementor-element elementor-element-2a2b516 elementor-section-boxed elementor-section-height-default elementor-section-height-default\" data-id=\"2a2b516\" data-element_type=\"section\">\n\t\t\t\t\t\t<div class=\"elementor-container elementor-column-gap-default\">\n\t\t\t\t\t<div class=\"has_eae_slider elementor-column elementor-col-100 elementor-top-column elementor-element elementor-element-852b672\" data-id=\"852b672\" data-element_type=\"column\">\n\t\t\t<div class=\"elementor-widget-wrap elementor-element-populated\">\n\t\t\t\t\t\t\t\t<div class=\"elementor-element elementor-element-3d582b6 elementor-widget elementor-widget-heading\" data-id=\"3d582b6\" data-element_type=\"widget\" data-widget_type=\"heading.default\">\n\t\t\t\t<div class=\"elementor-widget-container\">\n\t\t\t<h2 class=\"elementor-heading-title elementor-size-default\">Delovni listi za osnovno\u0161olce<\/h2>\t\t<\/div>\n\t\t\t\t<\/div>\n\t\t\t\t\t<\/div>\n\t\t<\/div>\n\t\t\t\t\t\t\t<\/div>\n\t\t<\/section>\n\t\t\t\t<section class=\"has_eae_slider elementor-section elementor-top-section elementor-element elementor-element-1d0f58be elementor-section-stretched elementor-section-boxed elementor-section-height-default elementor-section-height-default\" data-id=\"1d0f58be\" data-element_type=\"section\" data-settings=\"{&quot;stretch_section&quot;:&quot;section-stretched&quot;}\">\n\t\t\t\t\t\t<div class=\"elementor-container elementor-column-gap-default\">\n\t\t\t\t\t<div class=\"has_eae_slider elementor-column elementor-col-50 elementor-top-column elementor-element elementor-element-5377b459\" data-id=\"5377b459\" data-element_type=\"column\">\n\t\t\t<div class=\"elementor-widget-wrap elementor-element-populated\">\n\t\t\t\t\t\t\t\t<div class=\"elementor-element elementor-element-65b51210 elementor-widget elementor-widget-text-editor\" data-id=\"65b51210\" data-element_type=\"widget\" data-widget_type=\"text-editor.default\">\n\t\t\t\t<div class=\"elementor-widget-container\">\n\t\t\t\t\t\t\t<div class=\"itemFullText\"><div class=\"itemFullText\"><p>S te spletne strani si lahko presnamete datoteke <br \/>z u\u010dnimi listi za osnovno\u0161olce.<\/p><p>Razdeljeni so v tri skupine:<br \/><br \/><strong>&#8211; 2. in 3. triada, terensko delo na u\u010dni poti;<\/strong><br \/><br \/><strong>&#8211; 1. triada, delo v \u0161oli (predvsem po ogledu u\u010dne poti);<\/strong><br \/><br \/><strong>&#8211; 2. (in delno 3.) triada, delo v \u0161oli (predvsem po ogledu u\u010dne poti).<br \/><br \/><\/strong><\/p><p>Avtorice u\u010dnih listov: <br \/><em>Anamarija Bor\u0161tnik, Jasna Grabelj\u0161ek Sko\u010dir, Loreta Kmet in Mojca Kuk<\/em><\/p><p>\u0160tevilne ideje za igre na prostem lahko najdete v: <br \/><em>Danks, Fiona, in Schofield, Jo:<\/em> IGRI\u0160\u010cA NARAVE: Igre, ro\u010dne spretnosti in dejavnosti, ki bodo otroke zvabile ven. Didakta, 2007.<\/p><\/div><\/div>\t\t\t\t\t\t<\/div>\n\t\t\t\t<\/div>\n\t\t\t\t<div class=\"elementor-element elementor-element-8d40cce elementor-widget elementor-widget-text-editor\" data-id=\"8d40cce\" data-element_type=\"widget\" data-widget_type=\"text-editor.default\">\n\t\t\t\t<div class=\"elementor-widget-container\">\n\t\t\t\t\t\t\t<p>Avtor besedila: dr. Gorazd Kova\u010di\u010d | Foto: Matija Kova\u010di\u010d (4-7)<\/p>\t\t\t\t\t\t<\/div>\n\t\t\t\t<\/div>\n\t\t\t\t\t<\/div>\n\t\t<\/div>\n\t\t\t\t<div class=\"has_eae_slider elementor-column elementor-col-50 elementor-top-column elementor-element elementor-element-c595af0\" data-id=\"c595af0\" data-element_type=\"column\">\n\t\t\t<div class=\"elementor-widget-wrap elementor-element-populated\">\n\t\t\t\t\t\t\t\t<div class=\"elementor-element elementor-element-463d0c9 elementor-widget elementor-widget-button\" data-id=\"463d0c9\" data-element_type=\"widget\" data-widget_type=\"button.default\">\n\t\t\t\t<div class=\"elementor-widget-container\">\n\t\t\t\t\t<div class=\"elementor-button-wrapper\">\n\t\t\t<a href=\"https:\/\/www.rakitna.si\/ucna-pot\/pdf\/Solski_ucni_listi_1_triada.pdf\" class=\"elementor-button-link elementor-button elementor-size-xl\" role=\"button\">\n\t\t\t\t\t\t<span class=\"elementor-button-content-wrapper\">\n\t\t\t\t\t\t<span class=\"elementor-button-icon elementor-align-icon-left\">\n\t\t\t\t<i aria-hidden=\"true\" class=\"fas fa-file-pdf\"><\/i>\t\t\t<\/span>\n\t\t\t\t\t\t<span class=\"elementor-button-text\">\u0160olski u\u010dni listi 1. triada<\/span>\n\t\t<\/span>\n\t\t\t\t\t<\/a>\n\t\t<\/div>\n\t\t\t\t<\/div>\n\t\t\t\t<\/div>\n\t\t\t\t<div class=\"elementor-element elementor-element-7c395a0 elementor-widget elementor-widget-button\" data-id=\"7c395a0\" data-element_type=\"widget\" data-widget_type=\"button.default\">\n\t\t\t\t<div class=\"elementor-widget-container\">\n\t\t\t\t\t<div class=\"elementor-button-wrapper\">\n\t\t\t<a href=\"https:\/\/www.rakitna.si\/ucna-pot\/pdf\/Solski_ucni_listi_2_triada.pdf\" class=\"elementor-button-link elementor-button elementor-size-xl\" role=\"button\">\n\t\t\t\t\t\t<span class=\"elementor-button-content-wrapper\">\n\t\t\t\t\t\t<span class=\"elementor-button-icon elementor-align-icon-left\">\n\t\t\t\t<i aria-hidden=\"true\" class=\"fas fa-file-pdf\"><\/i>\t\t\t<\/span>\n\t\t\t\t\t\t<span class=\"elementor-button-text\">\u0160olski u\u010dni listi 2. triada<\/span>\n\t\t<\/span>\n\t\t\t\t\t<\/a>\n\t\t<\/div>\n\t\t\t\t<\/div>\n\t\t\t\t<\/div>\n\t\t\t\t<div class=\"elementor-element elementor-element-7850b0e elementor-widget elementor-widget-button\" data-id=\"7850b0e\" data-element_type=\"widget\" data-widget_type=\"button.default\">\n\t\t\t\t<div class=\"elementor-widget-container\">\n\t\t\t\t\t<div class=\"elementor-button-wrapper\">\n\t\t\t<a href=\"https:\/\/www.rakitna.si\/ucna-pot\/pdf\/Terenski_ucni_listi_2in3_triada.pdf\" class=\"elementor-button-link elementor-button elementor-size-xl\" role=\"button\">\n\t\t\t\t\t\t<span class=\"elementor-button-content-wrapper\">\n\t\t\t\t\t\t<span class=\"elementor-button-icon elementor-align-icon-left\">\n\t\t\t\t<i aria-hidden=\"true\" class=\"fas fa-file-pdf\"><\/i>\t\t\t<\/span>\n\t\t\t\t\t\t<span class=\"elementor-button-text\">Terenski u\u010dni listi 2. in 3. triada <\/span>\n\t\t<\/span>\n\t\t\t\t\t<\/a>\n\t\t<\/div>\n\t\t\t\t<\/div>\n\t\t\t\t<\/div>\n\t\t\t\t\t<\/div>\n\t\t<\/div>\n\t\t\t\t\t\t\t<\/div>\n\t\t<\/section>\n\t\t\t\t\t\t<\/div>\n\t\t\t\t\t<\/div>\n\t\t","protected":false},"excerpt":{"rendered":"<p>Delovni listi za osnovno\u0161olce S te spletne strani si lahko presnamete datoteke z u\u010dnimi listi za osnovno\u0161olce. Razdeljeni so v tri skupine: &#8211; 2. in 3. triada, terensko delo na u\u010dni poti; &#8211; 1. triada, delo v \u0161oli (predvsem po ogledu u\u010dne poti); &#8211; 2. (in delno 3.) triada, delo v \u0161oli (predvsem po ogledu [&hellip;]<\/p>\n","protected":false},"author":1,"featured_media":0,"parent":0,"menu_order":1,"comment_status":"closed","ping_status":"closed","template":"","meta":{"footnotes":""},"class_list":["post-948","page","type-page","status-publish","hentry"],"_links":{"self":[{"href":"https:\/\/rakitna.si\/ucna-pot\/wp-json\/wp\/v2\/pages\/948","targetHints":{"allow":["GET"]}}],"collection":[{"href":"https:\/\/rakitna.si\/ucna-pot\/wp-json\/wp\/v2\/pages"}],"about":[{"href":"https:\/\/rakitna.si\/ucna-pot\/wp-json\/wp\/v2\/types\/page"}],"author":[{"embeddable":true,"href":"https:\/\/rakitna.si\/ucna-pot\/wp-json\/wp\/v2\/users\/1"}],"replies":[{"embeddable":true,"href":"https:\/\/rakitna.si\/ucna-pot\/wp-json\/wp\/v2\/comments?post=948"}],"version-history":[{"count":13,"href":"https:\/\/rakitna.si\/ucna-pot\/wp-json\/wp\/v2\/pages\/948\/revisions"}],"predecessor-version":[{"id":962,"href":"https:\/\/rakitna.si\/ucna-pot\/wp-json\/wp\/v2\/pages\/948\/revisions\/962"}],"wp:attachment":[{"href":"https:\/\/rakitna.si\/ucna-pot\/wp-json\/wp\/v2\/media?parent=948"}],"curies":[{"name":"wp","href":"https:\/\/api.w.org\/{rel}","templated":true}]}}