{"id":90,"date":"2021-09-17T21:00:50","date_gmt":"2021-09-17T21:00:50","guid":{"rendered":"https:\/\/rakitna.si\/ucna-pot\/gozdni-bonton\/"},"modified":"2021-11-09T11:27:34","modified_gmt":"2021-11-09T11:27:34","slug":"gozdni-bonton","status":"publish","type":"page","link":"https:\/\/rakitna.si\/ucna-pot\/gozdni-bonton\/","title":{"rendered":"Gozdni bonton"},"content":{"rendered":"\t\t<div data-elementor-type=\"wp-page\" data-elementor-id=\"90\" class=\"elementor elementor-90\" data-elementor-settings=\"[]\">\n\t\t\t\t\t\t\t<div class=\"elementor-section-wrap\">\n\t\t\t\t\t\t\t<section class=\"has_eae_slider elementor-section elementor-top-section elementor-element elementor-element-28fc0672 elementor-section-boxed elementor-section-height-default elementor-section-height-default\" data-id=\"28fc0672\" data-element_type=\"section\">\n\t\t\t\t\t\t<div class=\"elementor-container elementor-column-gap-default\">\n\t\t\t\t\t<div class=\"has_eae_slider elementor-column elementor-col-100 elementor-top-column elementor-element elementor-element-15781f0e\" data-id=\"15781f0e\" data-element_type=\"column\">\n\t\t\t<div class=\"elementor-widget-wrap elementor-element-populated\">\n\t\t\t\t\t\t\t\t<div class=\"elementor-element elementor-element-4bdf31fa elementor-widget elementor-widget-heading\" data-id=\"4bdf31fa\" data-element_type=\"widget\" data-widget_type=\"heading.default\">\n\t\t\t\t<div class=\"elementor-widget-container\">\n\t\t\t<h2 class=\"elementor-heading-title elementor-size-default\">Gozdni bonton <\/h2>\t\t<\/div>\n\t\t\t\t<\/div>\n\t\t\t\t<div class=\"elementor-element elementor-element-4c6e5409 elementor-widget elementor-widget-heading\" data-id=\"4c6e5409\" data-element_type=\"widget\" data-widget_type=\"heading.default\">\n\t\t\t\t<div class=\"elementor-widget-container\">\n\t\t\t<h4 class=\"elementor-heading-title elementor-size-default\">Tu smo v gostih ljudje<\/h4>\t\t<\/div>\n\t\t\t\t<\/div>\n\t\t\t\t\t<\/div>\n\t\t<\/div>\n\t\t\t\t\t\t\t<\/div>\n\t\t<\/section>\n\t\t\t\t<section class=\"has_eae_slider elementor-section elementor-top-section elementor-element elementor-element-62872215 elementor-section-stretched elementor-section-boxed elementor-section-height-default elementor-section-height-default\" data-id=\"62872215\" data-element_type=\"section\" data-settings=\"{&quot;stretch_section&quot;:&quot;section-stretched&quot;}\">\n\t\t\t\t\t\t<div class=\"elementor-container elementor-column-gap-default\">\n\t\t\t\t\t<div class=\"has_eae_slider elementor-column elementor-col-50 elementor-top-column elementor-element elementor-element-2686987c\" data-id=\"2686987c\" data-element_type=\"column\">\n\t\t\t<div class=\"elementor-widget-wrap elementor-element-populated\">\n\t\t\t\t\t\t\t\t<div class=\"elementor-element elementor-element-16f714d1 elementor-widget elementor-widget-text-editor\" data-id=\"16f714d1\" data-element_type=\"widget\" data-widget_type=\"text-editor.default\">\n\t\t\t\t<div class=\"elementor-widget-container\">\n\t\t\t\t\t\t\t<div class=\"itemFullText\"><p>Prehodili ste velik del u\u010dne poti. Oddahnite si, prisluhnite gozdu in u\u017eivajte v vsem bogastvu rastlinja in \u017eivalstva. Lahko se tudi pokrep\u010date, a ob odhodu obvezno pospravite za seboj. Tako zaradi drugih obiskovalcev kot tudi zaradi \u017eivali v okolici, zlasti medvedov.<br \/>Zakaj? Zato, da se ne bodo navadili na \u010dloveka, kar je zanje pogosto usodno. Medved je v stotiso\u010dletnem razvoju postal izredno uspe\u0161en iskalec hrane. Nau\u010dil se je povezovati prostor, \u010das in hrano. Za ve\u010d let si zapomni slastne gri\u017eljaje, na primer kje in kdaj je rodila divja hru\u0161ka ali kje so divje \u010debele, in lahko take kraje ob ravno pravem \u010dasu ve\u010d let zapored preverja. Te ve\u0161\u010dine so mu pomagale pre\u017eiveti, v stiku s \u010dlovekom pa ga ogro\u017eajo. Medved si namre\u010d zapomni, kje je \u017ee na\u0161el odvr\u017eene klavske ostanke doma\u010dega pra\u0161i\u010da ali pa kje so pogosti ostanki druge hrane, na primer ob po\u010divali\u0161\u010du, kjer pravkar stojite. Zaradi takih \u00bbnagrad\u00ab lahko za\u010dne postopno povezovati hrano s \u010dlovekom in zgubljati strah pred njim. To je te\u017eava za nas, saj nas je vsiljivih medvedov strah, in usodno za medveda, saj je take osebke kot \u00bbproblemati\u010dne\u00ab praviloma treba ustreliti.<br \/>Na celotni pe\u0161poti spo\u0161tujte osnovni gozdni bonton in se zavedajte, da smo v gozdu ljudje le za\u010dasni obiskovalci:<\/p><p>1. Ozna\u010dene pe\u0161poti nas vodijo po gozdu in odstirajo zaklade narave. Uporabljajte jih in ne hodite po brezpotjih.<\/p><p>2. Gozdne \u017eivali so pla\u0161ne in se umikajo \u010dloveku. Ne vznemirjajte jih s kri\u010danjem in vodite pse na vrvici. Tudi vo\u017enja je v gozdu dovoljena le po cestah.<\/p><p>3. V gozdu ne pu\u0161\u010dajte ostankov hrane.<\/p><p>4. Voda je dragocena. Gozd jo \u010disti in ohranja pitno. Pomagajte mu in ne pu\u0161\u010dajte v prostoru odpadkov in \u0161kodljivih snovi.<\/p><p>5. Majhna in velika drevesa ter grmi so \u017eiva bitja, zato jih spo\u0161tujte in ne po\u0161kodujte.<\/p><p>6. Gozdno cvetje, gobe, mah in plodovi so nujni za \u017eivljenje gozda, zato je nabiranje omejeno s predpisi.<\/p><\/div>\t\t\t\t\t\t<\/div>\n\t\t\t\t<\/div>\n\t\t\t\t<div class=\"elementor-element elementor-element-6e1208da elementor-widget elementor-widget-text-editor\" data-id=\"6e1208da\" data-element_type=\"widget\" data-widget_type=\"text-editor.default\">\n\t\t\t\t<div class=\"elementor-widget-container\">\n\t\t\t\t\t\t\t<div class=\"moduleItemIntrotext\"><div class=\"moduleItemIntrotext\"><p><strong>Kaj storiti ob sre\u010danju z medvedom?<br \/><\/strong><br \/>Med sprehajanjem po gozdu lahko v izjemnih primerih sre\u010damo medveda. Taka sre\u010danja so sicer redka, saj nas medved prej opazi in se umakne, lahko pa se zgodijo v primerih, ko smo tiho in veter piha z nasprotne smeri. \u0160e bistveno bolj redki so napadi medveda na \u010dloveka. Do napada lahko pride, kadar medveda presenetimo in prestra\u0161imo in se ta odlo\u010di, da ne bo be\u017eal, ampak se branil. To je pogosteje pri samicah z mladi\u010di, saj se ti ne morejo hitro umakniti.<\/p><p>Zato priporo\u010damo:<br \/><br \/>1. Ob sprehodu po gozdu imejmo psa na vrvici ali pa tik ob sebi. V spomladanskem \u010dasu zlasti v okolici znanih brlogov odsvetujemo sprehajanje psov. Pes izsledi medveda ali medvedko z mladi\u010di, ko postane zanj nevarno, pa pribe\u017ei in ju pripelje k lastniku.<br \/><br \/>2. Na nepreglednih obmo\u010djih bodimo malo glasnej\u0161i, na primer glasno hodimo, se pogovarjamo, \u017evi\u017egamo in prepevamo. S tem medvedu \u017ee na dale\u010d sporo\u010dimo, da prihajamo. <br \/><br \/>3. \u010ce medveda opazimo od dale\u010d, se mirno umaknimo v smeri prihoda. \u010ce medved prihaja v na\u0161o smer in nas \u0161e ni zaznal, ga z mirnim glasom opozorimo nase, da se umakne.<br \/><br \/>4. \u010ce medveda ali medvedko z mladi\u010di sre\u010damo v neposredni bli\u017eini, se potrudimo, da ostanemo \u010dim bolj mirni. Ne kri\u010dimo in ne delamo hitrih gibov, ki bi medveda prestra\u0161ili. Obstanemo in se nato po\u010dasi zadenjsko umaknemo.<br \/><br \/>Ve\u010d informacij na internetu.<\/p><\/div><\/div>\t\t\t\t\t\t<\/div>\n\t\t\t\t<\/div>\n\t\t\t\t<div class=\"elementor-element elementor-element-f3030a1 elementor-widget elementor-widget-text-editor\" data-id=\"f3030a1\" data-element_type=\"widget\" data-widget_type=\"text-editor.default\">\n\t\t\t\t<div class=\"elementor-widget-container\">\n\t\t\t\t\t\t\t<div class=\"moduleItemIntrotext\"><p>ZAPRI O\u010cI IN JIH POKRIJ \u0160E Z ROKAMI ALI RUTO, DA RES NI\u010c NE VIDI\u0160. NEKDO NAJ TE VODI (STOJI ZA TABO, TE DR\u017dI ZA RAMENA IN TI Z GIBANJEM ROK NAKA\u017dE SMER HOJE) PO BLI\u017dNJI OKOLICI. NAREDI OKROG DVAJSET KORAKOV. USTAVI SE IN POGLEJ, KJE SI.<\/p><p>SE ZNA\u0160 BREZ POMO\u010cI PO ISTI POTI VRNITI NA ZA\u010cETEK?<\/p><\/div>\t\t\t\t\t\t<\/div>\n\t\t\t\t<\/div>\n\t\t\t\t<div class=\"elementor-element elementor-element-c23201 elementor-widget elementor-widget-text-editor\" data-id=\"c23201\" data-element_type=\"widget\" data-widget_type=\"text-editor.default\">\n\t\t\t\t<div class=\"elementor-widget-container\">\n\t\t\t\t\t\t\t<div class=\"moduleItemIntrotext\"><div class=\"moduleItemIntrotext\"><div class=\"moduleItemIntrotext\"><p>Avtor besedila: dr. Klemen Jerina | Avtor fotografij: M. Krofel<\/p><\/div><\/div><\/div>\t\t\t\t\t\t<\/div>\n\t\t\t\t<\/div>\n\t\t\t\t\t<\/div>\n\t\t<\/div>\n\t\t\t\t<div class=\"has_eae_slider elementor-column elementor-col-50 elementor-top-column elementor-element elementor-element-4f09748d\" data-id=\"4f09748d\" data-element_type=\"column\">\n\t\t\t<div class=\"elementor-widget-wrap elementor-element-populated\">\n\t\t\t\t\t\t\t\t<div class=\"elementor-element elementor-element-32272d5c elementor-widget elementor-widget-image\" data-id=\"32272d5c\" data-element_type=\"widget\" data-widget_type=\"image.default\">\n\t\t\t\t<div class=\"elementor-widget-container\">\n\t\t\t\t\t\t\t\t\t\t\t\t<figure class=\"wp-caption\">\n\t\t\t\t\t\t\t\t\t\t\t<a href=\"https:\/\/rakitna.si\/ucna-pot\/wp-content\/uploads\/2021\/11\/14_slika1.jpg\" data-elementor-open-lightbox=\"yes\" data-elementor-lightbox-title=\"14_slika1\">\n\t\t\t\t\t\t\t<img loading=\"lazy\" decoding=\"async\" width=\"681\" height=\"478\" src=\"https:\/\/rakitna.si\/ucna-pot\/wp-content\/uploads\/2021\/11\/14_slika1.jpg\" class=\"attachment-medium_large size-medium_large\" alt=\"\" srcset=\"https:\/\/rakitna.si\/ucna-pot\/wp-content\/uploads\/2021\/11\/14_slika1.jpg 681w, https:\/\/rakitna.si\/ucna-pot\/wp-content\/uploads\/2021\/11\/14_slika1-300x211.jpg 300w\" sizes=\"auto, (max-width: 681px) 100vw, 681px\" \/>\t\t\t\t\t\t\t\t<\/a>\n\t\t\t\t\t\t\t\t\t\t\t<figcaption class=\"widget-image-caption wp-caption-text\"><\/figcaption>\n\t\t\t\t\t\t\t\t\t\t<\/figure>\n\t\t\t\t\t\t\t\t\t<\/div>\n\t\t\t\t<\/div>\n\t\t\t\t<div class=\"elementor-element elementor-element-92cfb0e elementor-widget elementor-widget-text-editor\" data-id=\"92cfb0e\" data-element_type=\"widget\" data-widget_type=\"text-editor.default\">\n\t\t\t\t<div class=\"elementor-widget-container\">\n\t\t\t\t\t\t\t<div class=\"moduleItemIntrotext\"><div class=\"moduleItemIntrotext\"><p><strong>Zakaj medved zgubi strah pred \u010dlovekom in za\u010dne zahajati v bli\u017eino vasi?<\/strong><\/p><p>\u010clovek je velike zveri vklju\u010dno z medvedom tiso\u010dletja preganjal in pobijal na vse mogo\u010de na\u010dine. Zato se mu zdaj praviloma mo\u010dno izogibajo, so no\u010dno aktivne in redko izstopajo iz gozda. V Sloveniji v zadnjem \u010dasu bele\u017eimo porast te\u017eav z medvedi, ki zahajajo v bli\u017eino vasi in se ne bojijo \u010dloveka. Raziskave, v katerih smo medvede spremljali z GPS telemetrijskimi ovratnicami, so jasno pokazale, da medvedi v bli\u017eini naselij i\u0161\u010dejo ostanke \u010dlovekove hrane, ki je je presenetljivo veliko: nezavarovani klavski ostanki, ostanki hrane na piknik prostorih, neza\u0161\u010ditene smeti itn. Pred leti je na primer smetnjake in kuri\u0161\u010da ob jezeru v Rakitni za\u010del obiskovati mlaj\u0161i medved. Ker je veljal za problemati\u010dnega, so ga lovci ustrelili, a \u017ee naslednje leto se je pojavil drugi medved. Medvedi ne i\u0161\u010dejo \u010dlove\u0161ke hrane, ker jim je lahko dostopna, ampak zato, ker je druga\u010dna in bolj zanimiva. Zato se lahko bli\u017enjim sre\u010danjem z medvedom izognemo predvsem tako, da v naravi ne pu\u0161\u010damo nobenih ostankov hrane in s tem medvedov ne vabimo v svojo bli\u017eino.<\/p><\/div><\/div>\t\t\t\t\t\t<\/div>\n\t\t\t\t<\/div>\n\t\t\t\t<div class=\"elementor-element elementor-element-4a361650 elementor-widget elementor-widget-text-editor\" data-id=\"4a361650\" data-element_type=\"widget\" data-widget_type=\"text-editor.default\">\n\t\t\t\t<div class=\"elementor-widget-container\">\n\t\t\t\t\t\t\t<div class=\"moduleItemIntrotext\">Ve\u010d informacij o ukrepih za so\u017eitje z medvedom in ravnanje ob sre\u010danju z njim:<br \/><a href=\"https:\/\/web.archive.org\/web\/20180520075327\/http:\/\/www.medvedi.si\/images\/stories\/Miha\/kaj%20storiti%20ob%20sreanju%20z%20medvedom-zgsinbf.pdf\" target=\"_blank\" rel=\"noopener\">http:\/\/www.medvedi.si\/<\/a><\/div>\t\t\t\t\t\t<\/div>\n\t\t\t\t<\/div>\n\t\t\t\t<div class=\"elementor-element elementor-element-fbbec55 elementor-widget elementor-widget-image\" data-id=\"fbbec55\" data-element_type=\"widget\" data-widget_type=\"image.default\">\n\t\t\t\t<div class=\"elementor-widget-container\">\n\t\t\t\t\t\t\t\t\t\t\t\t<figure class=\"wp-caption\">\n\t\t\t\t\t\t\t\t\t\t\t<a href=\"https:\/\/rakitna.si\/ucna-pot\/wp-content\/uploads\/2021\/11\/14_slika2.jpg\" data-elementor-open-lightbox=\"yes\" data-elementor-lightbox-title=\"14_slika2\">\n\t\t\t\t\t\t\t<img loading=\"lazy\" decoding=\"async\" width=\"682\" height=\"508\" src=\"https:\/\/rakitna.si\/ucna-pot\/wp-content\/uploads\/2021\/11\/14_slika2.jpg\" class=\"attachment-medium_large size-medium_large\" alt=\"\" srcset=\"https:\/\/rakitna.si\/ucna-pot\/wp-content\/uploads\/2021\/11\/14_slika2.jpg 682w, https:\/\/rakitna.si\/ucna-pot\/wp-content\/uploads\/2021\/11\/14_slika2-300x223.jpg 300w\" sizes=\"auto, (max-width: 682px) 100vw, 682px\" \/>\t\t\t\t\t\t\t\t<\/a>\n\t\t\t\t\t\t\t\t\t\t\t<figcaption class=\"widget-image-caption wp-caption-text\"><\/figcaption>\n\t\t\t\t\t\t\t\t\t\t<\/figure>\n\t\t\t\t\t\t\t\t\t<\/div>\n\t\t\t\t<\/div>\n\t\t\t\t\t<\/div>\n\t\t<\/div>\n\t\t\t\t\t\t\t<\/div>\n\t\t<\/section>\n\t\t\t\t\t\t<\/div>\n\t\t\t\t\t<\/div>\n\t\t","protected":false},"excerpt":{"rendered":"<p>Gozdni bonton Tu smo v gostih ljudje Prehodili ste velik del u\u010dne poti. Oddahnite si, prisluhnite gozdu in u\u017eivajte v vsem bogastvu rastlinja in \u017eivalstva. Lahko se tudi pokrep\u010date, a ob odhodu obvezno pospravite za seboj. Tako zaradi drugih obiskovalcev kot tudi zaradi \u017eivali v okolici, zlasti medvedov.Zakaj? Zato, da se ne bodo navadili na [&hellip;]<\/p>\n","protected":false},"author":1,"featured_media":0,"parent":0,"menu_order":14,"comment_status":"closed","ping_status":"closed","template":"","meta":{"footnotes":""},"class_list":["post-90","page","type-page","status-publish","hentry"],"_links":{"self":[{"href":"https:\/\/rakitna.si\/ucna-pot\/wp-json\/wp\/v2\/pages\/90","targetHints":{"allow":["GET"]}}],"collection":[{"href":"https:\/\/rakitna.si\/ucna-pot\/wp-json\/wp\/v2\/pages"}],"about":[{"href":"https:\/\/rakitna.si\/ucna-pot\/wp-json\/wp\/v2\/types\/page"}],"author":[{"embeddable":true,"href":"https:\/\/rakitna.si\/ucna-pot\/wp-json\/wp\/v2\/users\/1"}],"replies":[{"embeddable":true,"href":"https:\/\/rakitna.si\/ucna-pot\/wp-json\/wp\/v2\/comments?post=90"}],"version-history":[{"count":18,"href":"https:\/\/rakitna.si\/ucna-pot\/wp-json\/wp\/v2\/pages\/90\/revisions"}],"predecessor-version":[{"id":724,"href":"https:\/\/rakitna.si\/ucna-pot\/wp-json\/wp\/v2\/pages\/90\/revisions\/724"}],"wp:attachment":[{"href":"https:\/\/rakitna.si\/ucna-pot\/wp-json\/wp\/v2\/media?parent=90"}],"curies":[{"name":"wp","href":"https:\/\/api.w.org\/{rel}","templated":true}]}}