{"id":88,"date":"2021-09-17T21:00:49","date_gmt":"2021-09-17T21:00:49","guid":{"rendered":"https:\/\/rakitna.si\/ucna-pot\/gozdne-zivali\/"},"modified":"2021-11-09T11:00:53","modified_gmt":"2021-11-09T11:00:53","slug":"gozdne-zivali","status":"publish","type":"page","link":"https:\/\/rakitna.si\/ucna-pot\/gozdne-zivali\/","title":{"rendered":"Gozdne \u017eivali"},"content":{"rendered":"\t\t<div data-elementor-type=\"wp-page\" data-elementor-id=\"88\" class=\"elementor elementor-88\" data-elementor-settings=\"[]\">\n\t\t\t\t\t\t\t<div class=\"elementor-section-wrap\">\n\t\t\t\t\t\t\t<section class=\"has_eae_slider elementor-section elementor-top-section elementor-element elementor-element-5b139779 elementor-section-boxed elementor-section-height-default elementor-section-height-default\" data-id=\"5b139779\" data-element_type=\"section\">\n\t\t\t\t\t\t<div class=\"elementor-container elementor-column-gap-default\">\n\t\t\t\t\t<div class=\"has_eae_slider elementor-column elementor-col-100 elementor-top-column elementor-element elementor-element-745c029f\" data-id=\"745c029f\" data-element_type=\"column\">\n\t\t\t<div class=\"elementor-widget-wrap elementor-element-populated\">\n\t\t\t\t\t\t\t\t<div class=\"elementor-element elementor-element-6cee9a9c elementor-widget elementor-widget-heading\" data-id=\"6cee9a9c\" data-element_type=\"widget\" data-widget_type=\"heading.default\">\n\t\t\t\t<div class=\"elementor-widget-container\">\n\t\t\t<h2 class=\"elementor-heading-title elementor-size-default\">Gozdne \u017eivali<\/h2>\t\t<\/div>\n\t\t\t\t<\/div>\n\t\t\t\t<div class=\"elementor-element elementor-element-2ac673f5 elementor-widget elementor-widget-heading\" data-id=\"2ac673f5\" data-element_type=\"widget\" data-widget_type=\"heading.default\">\n\t\t\t\t<div class=\"elementor-widget-container\">\n\t\t\t<h4 class=\"elementor-heading-title elementor-size-default\">V tiso\u010dletnem zavetju obse\u017enih gozdov<\/h4>\t\t<\/div>\n\t\t\t\t<\/div>\n\t\t\t\t\t<\/div>\n\t\t<\/div>\n\t\t\t\t\t\t\t<\/div>\n\t\t<\/section>\n\t\t\t\t<section class=\"has_eae_slider elementor-section elementor-top-section elementor-element elementor-element-62e9d219 elementor-section-stretched elementor-section-boxed elementor-section-height-default elementor-section-height-default\" data-id=\"62e9d219\" data-element_type=\"section\" data-settings=\"{&quot;stretch_section&quot;:&quot;section-stretched&quot;}\">\n\t\t\t\t\t\t<div class=\"elementor-container elementor-column-gap-default\">\n\t\t\t\t\t<div class=\"has_eae_slider elementor-column elementor-col-50 elementor-top-column elementor-element elementor-element-5e5f8e9d\" data-id=\"5e5f8e9d\" data-element_type=\"column\">\n\t\t\t<div class=\"elementor-widget-wrap elementor-element-populated\">\n\t\t\t\t\t\t\t\t<div class=\"elementor-element elementor-element-2f33ef59 elementor-widget elementor-widget-text-editor\" data-id=\"2f33ef59\" data-element_type=\"widget\" data-widget_type=\"text-editor.default\">\n\t\t\t\t<div class=\"elementor-widget-container\">\n\t\t\t\t\t\t\t<div class=\"itemFullText\">Podobno kot ljudje ne moremo \u017eiveti kjerkoli, tudi \u017eivali potrebujejo prostor s to\u010dno dolo\u010denimi lastnostmi, v katerem lahko najdejo hrano, kritje pred plenilci, mrazom in drugimi vremenskimi ekstremi, ter se umaknejo \u010dloveku. Gozdovi se od travnikov in drugih odprtih povr\u0161in razlikujejo po ve\u010d \u017eivljenjskih dejavnikih. V njih so temperature v povpre\u010dju nekoliko vi\u0161je in manj nihajo kot na prostem. Za rastlinojedce je v njih manj hrane, a je je nekaj dostopne tudi pozimi, saj je v gozdu zaradi kro\u0161enj manj snega. V gozdu lahko najdejo varnostno kritje pred \u010dlovekom tudi najve\u010dje \u017eivalske vrste.<br \/><br \/>V ve\u010djem delu Slovenije vklju\u010dno z Rakitno je prevladujo\u010de naravno rastje gozd. Brez posredovanj \u010dloveka bi pokrival skoraj vso dr\u017eavo. Zato ni presenetljivo, da med \u017eivalstvom prevladujejo skupine in vrste, vezane na gozd, ni pa zna\u010dilnih vrst odprte krajine. V Rakitni iz naselja \u0161e pred nekaj desetletji skoraj ni bilo mo\u010d videti gozda, vendar je osrednja kra\u0161ka planota z ve\u010d strani obdana s strmimi pobo\u010dji in soteskama I\u0161ke in Zale, kjer gozd nikoli ni bil skr\u010den. Raki\u0161ki gozdovi v navezavi s sosednjimi tvorijo obse\u017ena gozdnata obmo\u010dja, ki segajo vse do Ko\u010devskega, Sne\u017enika in naprej do Gorskega Kotarja in Risnjaka na Hrva\u0161kem. Zato je tu \u017eivalstvo dobro ohranjeno in so pre\u017eivele tudi najbolj zahtevne vrste.<br \/><br \/>Na obmo\u010dju Rakitne stalno \u017eivijo vse avtohtone vrste velikih zveri: <strong>medved<\/strong> <em>(Ursus arctos)<\/em>, <strong>volk<\/strong> <em>(Canis lupus)<\/em> in<strong> ris<\/strong><em> (Lynx lynx)<\/em>, ki potrebujejo veliko prostora in so praviloma pre\u017eivele le v gozdnatih obmo\u010djih sveta. Njihova sedanja odvisnost od gozda je verjetno rezultat dolgotrajnih vplivov \u010dloveka, ki je zveri tiso\u010dletja preganjal, zatiral, jih lovil in pobijal na vse mogo\u010de na\u010dine. Pre\u017eiveli so le posamezniki, ki so bili bolj pla\u0161ni, se umikali \u010dloveku in \u017eiveli bolj prikrito \u2013 v gozdu. <br \/><br \/>Med parkljarji je najbolj raz\u0161irjena<strong> jelenjad<\/strong><em> (Cervus elaphus)<\/em>, sledijo <strong>srnjad<\/strong> <em>(Capreolus capreolus)<\/em>, <strong>gams<\/strong> <em>(Rupicapra rupicapra)<\/em> in<strong> divji pra\u0161i\u010d<\/strong> <em>(Sus scrofa)<\/em>. Vse razen gamsa so vsaj deloma vezane na gozd. V njem dobijo pomemben dele\u017e hrane, kot so trave, zeli, grmi\u010dje, mladje in plodovi drevesnih vrst ter varnostno kritje pred zvermi in \u010dlovekom. Gams kot spreten hribolazec ne rabi nujno kritja gozda, saj se ob nevarnosti umakne v stene. Srnjad je tipi\u010dna vrsta gozdnega roba in v najve\u010djih gostotah \u017eivi na podro\u010djih, kjer je gozd razdrobljen. Ko se gozdnatost pove\u010duje, se razmere zanjo slab\u0161ajo, bolj\u0161ajo pa za pra\u0161i\u010da in jelenjad. Na gozd je najbolj vezana jelenjad, zato je med parkljarji na obmo\u010dju Rakitne najpogostej\u0161a. Zara\u0161\u010danje spro\u017ea obse\u017ene spremembe zastopanosti vrst parkljarjev. <br \/><br \/>Zna\u010dilen gozdni predstavnik malih zveri je <strong>kuna zlatica<\/strong> <em>(Martes martes)<\/em>, ki ve\u010dino \u010dasa pre\u017eivi v drevesnih kro\u0161njah. Od <strong>kune belice<\/strong> <em>(Martes foina)<\/em>, ki je v celotni Sloveniji mnogo pogostej\u0161a, jo zlahka lo\u010dimo po rumeno obarvanem trebuhu. Gozdna ali<strong> divja ma\u010dka<\/strong><em> (Felis sylvestris)<\/em> \u017ee po imenu \u017eivi v gozdu. Po njej je verjetno dobil ime tudi bli\u017enji Ma\u010dkovec. Med malimi zvermi je najpogostej\u0161a <strong>lisica<\/strong><em> (Vulpes vulpes)<\/em>, pogoste so tudi vse vrste iz skupine kun, vklju\u010dno z<strong> jazbecem<\/strong><em> (Meles meles)<\/em>, po katerem so Raki\u010dani poimenovali del pobo\u010dja pod Nova\u0161ko goro \u2013 Jazbne.<\/div>\t\t\t\t\t\t<\/div>\n\t\t\t\t<\/div>\n\t\t\t\t<div class=\"elementor-element elementor-element-6016d1b6 elementor-widget elementor-widget-text-editor\" data-id=\"6016d1b6\" data-element_type=\"widget\" data-widget_type=\"text-editor.default\">\n\t\t\t\t<div class=\"elementor-widget-container\">\n\t\t\t\t\t\t\t<div class=\"moduleItemIntrotext\"><div class=\"moduleItemIntrotext\"><div class=\"moduleItemIntrotext\"><p>Avtor besedila: dr. Klemen Jerina | Foto: Landsat ETM (1), K. Jerina (2), M. Krofel (3), A. Skvar\u010da (4)<\/p><\/div><\/div><\/div>\t\t\t\t\t\t<\/div>\n\t\t\t\t<\/div>\n\t\t\t\t\t<\/div>\n\t\t<\/div>\n\t\t\t\t<div class=\"has_eae_slider elementor-column elementor-col-50 elementor-top-column elementor-element elementor-element-59d9b6c8\" data-id=\"59d9b6c8\" data-element_type=\"column\">\n\t\t\t<div class=\"elementor-widget-wrap elementor-element-populated\">\n\t\t\t\t\t\t\t\t<div class=\"elementor-element elementor-element-fdc3933 elementor-widget elementor-widget-image\" data-id=\"fdc3933\" data-element_type=\"widget\" data-widget_type=\"image.default\">\n\t\t\t\t<div class=\"elementor-widget-container\">\n\t\t\t\t\t\t\t\t\t\t\t\t<figure class=\"wp-caption\">\n\t\t\t\t\t\t\t\t\t\t\t<a href=\"https:\/\/rakitna.si\/ucna-pot\/wp-content\/uploads\/2021\/11\/12_slovenija.jpg\" data-elementor-open-lightbox=\"yes\" data-elementor-lightbox-title=\"12_slovenija\">\n\t\t\t\t\t\t\t<img loading=\"lazy\" decoding=\"async\" width=\"768\" height=\"519\" src=\"https:\/\/rakitna.si\/ucna-pot\/wp-content\/uploads\/2021\/11\/12_slovenija-768x519.jpg\" class=\"attachment-medium_large size-medium_large\" alt=\"\" srcset=\"https:\/\/rakitna.si\/ucna-pot\/wp-content\/uploads\/2021\/11\/12_slovenija-768x519.jpg 768w, https:\/\/rakitna.si\/ucna-pot\/wp-content\/uploads\/2021\/11\/12_slovenija-300x203.jpg 300w, https:\/\/rakitna.si\/ucna-pot\/wp-content\/uploads\/2021\/11\/12_slovenija-1024x692.jpg 1024w, https:\/\/rakitna.si\/ucna-pot\/wp-content\/uploads\/2021\/11\/12_slovenija.jpg 1198w\" sizes=\"auto, (max-width: 768px) 100vw, 768px\" \/>\t\t\t\t\t\t\t\t<\/a>\n\t\t\t\t\t\t\t\t\t\t\t<figcaption class=\"widget-image-caption wp-caption-text\"><\/figcaption>\n\t\t\t\t\t\t\t\t\t\t<\/figure>\n\t\t\t\t\t\t\t\t\t<\/div>\n\t\t\t\t<\/div>\n\t\t\t\t<section class=\"has_eae_slider elementor-section elementor-inner-section elementor-element elementor-element-7df6ccba elementor-section-boxed elementor-section-height-default elementor-section-height-default\" data-id=\"7df6ccba\" data-element_type=\"section\">\n\t\t\t\t\t\t<div class=\"elementor-container elementor-column-gap-default\">\n\t\t\t\t\t<div class=\"has_eae_slider elementor-column elementor-col-50 elementor-inner-column elementor-element elementor-element-1cc2abbe\" data-id=\"1cc2abbe\" data-element_type=\"column\">\n\t\t\t<div class=\"elementor-widget-wrap elementor-element-populated\">\n\t\t\t\t\t\t\t\t<div class=\"elementor-element elementor-element-512899d2 elementor-widget elementor-widget-image\" data-id=\"512899d2\" data-element_type=\"widget\" data-widget_type=\"image.default\">\n\t\t\t\t<div class=\"elementor-widget-container\">\n\t\t\t\t\t\t\t\t\t\t\t\t<figure class=\"wp-caption\">\n\t\t\t\t\t\t\t\t\t\t\t<a href=\"https:\/\/rakitna.si\/ucna-pot\/wp-content\/uploads\/2021\/11\/12_grafikon.jpg\" data-elementor-open-lightbox=\"yes\" data-elementor-lightbox-title=\"12_grafikon\">\n\t\t\t\t\t\t\t<img loading=\"lazy\" decoding=\"async\" width=\"551\" height=\"427\" src=\"https:\/\/rakitna.si\/ucna-pot\/wp-content\/uploads\/2021\/11\/12_grafikon.jpg\" class=\"attachment-medium_large size-medium_large\" alt=\"\" srcset=\"https:\/\/rakitna.si\/ucna-pot\/wp-content\/uploads\/2021\/11\/12_grafikon.jpg 551w, https:\/\/rakitna.si\/ucna-pot\/wp-content\/uploads\/2021\/11\/12_grafikon-300x232.jpg 300w\" sizes=\"auto, (max-width: 551px) 100vw, 551px\" \/>\t\t\t\t\t\t\t\t<\/a>\n\t\t\t\t\t\t\t\t\t\t\t<figcaption class=\"widget-image-caption wp-caption-text\"><\/figcaption>\n\t\t\t\t\t\t\t\t\t\t<\/figure>\n\t\t\t\t\t\t\t\t\t<\/div>\n\t\t\t\t<\/div>\n\t\t\t\t<div class=\"elementor-element elementor-element-7c944d61 elementor-widget elementor-widget-text-editor\" data-id=\"7c944d61\" data-element_type=\"widget\" data-widget_type=\"text-editor.default\">\n\t\t\t\t<div class=\"elementor-widget-container\">\n\t\t\t\t\t\t\t<div class=\"moduleItemIntrotext\"><strong>Gozdnatost mo\u010dno vpliva na zastopanost \u017eivalskih vrst. Grafikon prikazuje relativno pogostnost \u0161tirih domorodnih vrst parkljarjev glede na dele\u017e gozda. Na gozd sta najmanj vezana srnjad in gams, najbolj pa jelenjad, ki je med parkljasto divjadjo v okolici Rakitne najpogostej\u0161a (vir: K. Jerina in sodelavci, 2012).<\/strong><\/div>\t\t\t\t\t\t<\/div>\n\t\t\t\t<\/div>\n\t\t\t\t<div class=\"elementor-element elementor-element-27bfa72c elementor-widget elementor-widget-image\" data-id=\"27bfa72c\" data-element_type=\"widget\" data-widget_type=\"image.default\">\n\t\t\t\t<div class=\"elementor-widget-container\">\n\t\t\t\t\t\t\t\t\t\t\t\t<figure class=\"wp-caption\">\n\t\t\t\t\t\t\t\t\t\t\t<a href=\"https:\/\/rakitna.si\/ucna-pot\/wp-content\/uploads\/2021\/11\/12_divja_macka.jpg\" data-elementor-open-lightbox=\"yes\" data-elementor-lightbox-title=\"12_divja_macka\">\n\t\t\t\t\t\t\t<img loading=\"lazy\" decoding=\"async\" width=\"528\" height=\"395\" src=\"https:\/\/rakitna.si\/ucna-pot\/wp-content\/uploads\/2021\/11\/12_divja_macka.jpg\" class=\"attachment-medium_large size-medium_large\" alt=\"\" srcset=\"https:\/\/rakitna.si\/ucna-pot\/wp-content\/uploads\/2021\/11\/12_divja_macka.jpg 528w, https:\/\/rakitna.si\/ucna-pot\/wp-content\/uploads\/2021\/11\/12_divja_macka-300x224.jpg 300w\" sizes=\"auto, (max-width: 528px) 100vw, 528px\" \/>\t\t\t\t\t\t\t\t<\/a>\n\t\t\t\t\t\t\t\t\t\t\t<figcaption class=\"widget-image-caption wp-caption-text\"><\/figcaption>\n\t\t\t\t\t\t\t\t\t\t<\/figure>\n\t\t\t\t\t\t\t\t\t<\/div>\n\t\t\t\t<\/div>\n\t\t\t\t<div class=\"elementor-element elementor-element-9e1335b elementor-widget elementor-widget-text-editor\" data-id=\"9e1335b\" data-element_type=\"widget\" data-widget_type=\"text-editor.default\">\n\t\t\t\t<div class=\"elementor-widget-container\">\n\t\t\t\t\t\t\t<div class=\"moduleItemIntrotext\"><strong>Divja (gozdna) ma\u010dka je ime dobila po gozdu.\u00a0<\/strong><\/div>\t\t\t\t\t\t<\/div>\n\t\t\t\t<\/div>\n\t\t\t\t\t<\/div>\n\t\t<\/div>\n\t\t\t\t<div class=\"has_eae_slider elementor-column elementor-col-50 elementor-inner-column elementor-element elementor-element-2863c55b\" data-id=\"2863c55b\" data-element_type=\"column\">\n\t\t\t<div class=\"elementor-widget-wrap elementor-element-populated\">\n\t\t\t\t\t\t\t\t<div class=\"elementor-element elementor-element-1743c191 elementor-widget elementor-widget-image\" data-id=\"1743c191\" data-element_type=\"widget\" data-widget_type=\"image.default\">\n\t\t\t\t<div class=\"elementor-widget-container\">\n\t\t\t\t\t\t\t\t\t\t\t\t<figure class=\"wp-caption\">\n\t\t\t\t\t\t\t\t\t\t\t<a href=\"https:\/\/rakitna.si\/ucna-pot\/wp-content\/uploads\/2021\/11\/12_kuna.jpg\" data-elementor-open-lightbox=\"yes\" data-elementor-lightbox-title=\"12_kuna\">\n\t\t\t\t\t\t\t<img loading=\"lazy\" decoding=\"async\" width=\"529\" height=\"392\" src=\"https:\/\/rakitna.si\/ucna-pot\/wp-content\/uploads\/2021\/11\/12_kuna.jpg\" class=\"attachment-medium_large size-medium_large\" alt=\"\" srcset=\"https:\/\/rakitna.si\/ucna-pot\/wp-content\/uploads\/2021\/11\/12_kuna.jpg 529w, https:\/\/rakitna.si\/ucna-pot\/wp-content\/uploads\/2021\/11\/12_kuna-300x222.jpg 300w\" sizes=\"auto, (max-width: 529px) 100vw, 529px\" \/>\t\t\t\t\t\t\t\t<\/a>\n\t\t\t\t\t\t\t\t\t\t\t<figcaption class=\"widget-image-caption wp-caption-text\"><\/figcaption>\n\t\t\t\t\t\t\t\t\t\t<\/figure>\n\t\t\t\t\t\t\t\t\t<\/div>\n\t\t\t\t<\/div>\n\t\t\t\t<div class=\"elementor-element elementor-element-89da493 elementor-widget elementor-widget-text-editor\" data-id=\"89da493\" data-element_type=\"widget\" data-widget_type=\"text-editor.default\">\n\t\t\t\t<div class=\"elementor-widget-container\">\n\t\t\t\t\t\t\t<div class=\"moduleItemIntrotext\"><strong>Kuna zlatica ve\u010dino \u017eivljenja pre\u017eivi v kro\u0161njah dreves.<\/strong><\/div>\t\t\t\t\t\t<\/div>\n\t\t\t\t<\/div>\n\t\t\t\t<div class=\"elementor-element elementor-element-36539994 elementor-widget elementor-widget-text-editor\" data-id=\"36539994\" data-element_type=\"widget\" data-widget_type=\"text-editor.default\">\n\t\t\t\t<div class=\"elementor-widget-container\">\n\t\t\t\t\t\t\t<div class=\"moduleItemIntrotext\">POI\u0160\u010cI DESET \u017dIVALI, KI \u017dIVIJO V RAKITNI.<br \/>\u00a0<img loading=\"lazy\" decoding=\"async\" class=\"alignnone size-medium wp-image-656\" src=\"https:\/\/rakitna.si\/ucna-pot\/wp-content\/uploads\/2021\/11\/12_uganka-300x298.jpg\" alt=\"\" width=\"300\" height=\"298\" srcset=\"https:\/\/rakitna.si\/ucna-pot\/wp-content\/uploads\/2021\/11\/12_uganka-300x298.jpg 300w, https:\/\/rakitna.si\/ucna-pot\/wp-content\/uploads\/2021\/11\/12_uganka-150x150.jpg 150w, https:\/\/rakitna.si\/ucna-pot\/wp-content\/uploads\/2021\/11\/12_uganka.jpg 382w\" sizes=\"auto, (max-width: 300px) 100vw, 300px\" \/><br \/>11. DEL BESEDNE SESTAVLJANKE: \u010cE<\/div>\t\t\t\t\t\t<\/div>\n\t\t\t\t<\/div>\n\t\t\t\t\t<\/div>\n\t\t<\/div>\n\t\t\t\t\t\t\t<\/div>\n\t\t<\/section>\n\t\t\t\t\t<\/div>\n\t\t<\/div>\n\t\t\t\t\t\t\t<\/div>\n\t\t<\/section>\n\t\t\t\t\t\t<\/div>\n\t\t\t\t\t<\/div>\n\t\t","protected":false},"excerpt":{"rendered":"<p>Gozdne \u017eivali V tiso\u010dletnem zavetju obse\u017enih gozdov Podobno kot ljudje ne moremo \u017eiveti kjerkoli, tudi \u017eivali potrebujejo prostor s to\u010dno dolo\u010denimi lastnostmi, v katerem lahko najdejo hrano, kritje pred plenilci, mrazom in drugimi vremenskimi ekstremi, ter se umaknejo \u010dloveku. Gozdovi se od travnikov in drugih odprtih povr\u0161in razlikujejo po ve\u010d \u017eivljenjskih dejavnikih. V njih so [&hellip;]<\/p>\n","protected":false},"author":1,"featured_media":0,"parent":0,"menu_order":12,"comment_status":"closed","ping_status":"closed","template":"","meta":{"footnotes":""},"class_list":["post-88","page","type-page","status-publish","hentry"],"_links":{"self":[{"href":"https:\/\/rakitna.si\/ucna-pot\/wp-json\/wp\/v2\/pages\/88","targetHints":{"allow":["GET"]}}],"collection":[{"href":"https:\/\/rakitna.si\/ucna-pot\/wp-json\/wp\/v2\/pages"}],"about":[{"href":"https:\/\/rakitna.si\/ucna-pot\/wp-json\/wp\/v2\/types\/page"}],"author":[{"embeddable":true,"href":"https:\/\/rakitna.si\/ucna-pot\/wp-json\/wp\/v2\/users\/1"}],"replies":[{"embeddable":true,"href":"https:\/\/rakitna.si\/ucna-pot\/wp-json\/wp\/v2\/comments?post=88"}],"version-history":[{"count":18,"href":"https:\/\/rakitna.si\/ucna-pot\/wp-json\/wp\/v2\/pages\/88\/revisions"}],"predecessor-version":[{"id":674,"href":"https:\/\/rakitna.si\/ucna-pot\/wp-json\/wp\/v2\/pages\/88\/revisions\/674"}],"wp:attachment":[{"href":"https:\/\/rakitna.si\/ucna-pot\/wp-json\/wp\/v2\/media?parent=88"}],"curies":[{"name":"wp","href":"https:\/\/api.w.org\/{rel}","templated":true}]}}