{"id":84,"date":"2021-09-17T20:59:03","date_gmt":"2021-09-17T20:59:03","guid":{"rendered":"https:\/\/rakitna.si\/ucna-pot\/senozeti-in-zarascanje\/"},"modified":"2021-09-28T22:15:07","modified_gmt":"2021-09-28T22:15:07","slug":"senozeti","status":"publish","type":"page","link":"https:\/\/rakitna.si\/ucna-pot\/senozeti\/","title":{"rendered":"Seno\u017eeti in zara\u0161\u010danje"},"content":{"rendered":"\t\t<div data-elementor-type=\"wp-page\" data-elementor-id=\"84\" class=\"elementor elementor-84\" data-elementor-settings=\"[]\">\n\t\t\t\t\t\t\t<div class=\"elementor-section-wrap\">\n\t\t\t\t\t\t\t<section class=\"has_eae_slider elementor-section elementor-top-section elementor-element elementor-element-b75ca0b elementor-section-boxed elementor-section-height-default elementor-section-height-default\" data-id=\"b75ca0b\" data-element_type=\"section\">\n\t\t\t\t\t\t<div class=\"elementor-container elementor-column-gap-default\">\n\t\t\t\t\t<div class=\"has_eae_slider elementor-column elementor-col-100 elementor-top-column elementor-element elementor-element-53dbd7ab\" data-id=\"53dbd7ab\" data-element_type=\"column\">\n\t\t\t<div class=\"elementor-widget-wrap elementor-element-populated\">\n\t\t\t\t\t\t\t\t<div class=\"elementor-element elementor-element-7f8ca7ce elementor-widget elementor-widget-heading\" data-id=\"7f8ca7ce\" data-element_type=\"widget\" data-widget_type=\"heading.default\">\n\t\t\t\t<div class=\"elementor-widget-container\">\n\t\t\t<h2 class=\"elementor-heading-title elementor-size-default\">Seno\u017eeti in zara\u0161\u010danje <\/h2>\t\t<\/div>\n\t\t\t\t<\/div>\n\t\t\t\t<div class=\"elementor-element elementor-element-36f013ba elementor-widget elementor-widget-heading\" data-id=\"36f013ba\" data-element_type=\"widget\" data-widget_type=\"heading.default\">\n\t\t\t\t<div class=\"elementor-widget-container\">\n\t\t\t<h4 class=\"elementor-heading-title elementor-size-default\">\u00bbKje so tiste stezice, k' so v\u010dasih bile?\u00ab <\/h4>\t\t<\/div>\n\t\t\t\t<\/div>\n\t\t\t\t\t<\/div>\n\t\t<\/div>\n\t\t\t\t\t\t\t<\/div>\n\t\t<\/section>\n\t\t\t\t<section class=\"has_eae_slider elementor-section elementor-top-section elementor-element elementor-element-2b3ee9fd elementor-section-stretched elementor-section-boxed elementor-section-height-default elementor-section-height-default\" data-id=\"2b3ee9fd\" data-element_type=\"section\" data-settings=\"{&quot;stretch_section&quot;:&quot;section-stretched&quot;}\">\n\t\t\t\t\t\t<div class=\"elementor-container elementor-column-gap-default\">\n\t\t\t\t\t<div class=\"has_eae_slider elementor-column elementor-col-33 elementor-top-column elementor-element elementor-element-7c074f4f\" data-id=\"7c074f4f\" data-element_type=\"column\">\n\t\t\t<div class=\"elementor-widget-wrap elementor-element-populated\">\n\t\t\t\t\t\t\t\t<div class=\"elementor-element elementor-element-4c650d29 elementor-widget elementor-widget-text-editor\" data-id=\"4c650d29\" data-element_type=\"widget\" data-widget_type=\"text-editor.default\">\n\t\t\t\t<div class=\"elementor-widget-container\">\n\t\t\t\t\t\t\t<p>Nahajamo se na predelu z ledinskim imenom \u010crte\u017e. Travnik, ki ga vidimo pred sabo, je zna\u010dilna oblika kmetijske rabe zemlji\u0161\u010da v hribovitem svetu. Pravimo mu \u00bbseno\u017eet\u00ab (v raki\u0161kem nare\u010dju \u00bbsno\u017eet\u00ab), knji\u017eno tudi \u00bbko\u0161enica\u00ab, v strokovnem izrazju \u00bbenokosni travnik\u00ab. Zaradi slab\u0161e kvalitete zemlje in ker teh travnikov ne gnojijo, jih namre\u010d kosijo samo enkrat na leto.<\/p><p><strong>Zara\u0161\u010danje seno\u017eeti<\/strong><br \/>Travnik v sedanjem obsegu je le \u0161e ostanek nekdaj veliko obse\u017enej\u0161e seno\u017eeti, ki se postopoma zara\u0161\u010da. Ohranil se je zato, ker je razmeroma raven in ga je mogo\u010de strojno pokositi. \u010ce natanko pogledate, boste opazili, da je okoli\u0161ko zemlji\u0161\u010de precej bolj strmo in predvsem razgibano, zato ga je bilo mogo\u010de kositi le ro\u010dno. Obdelovanje slab\u0161ih zemlji\u0161\u010d so postopoma opustili, ko je na kmetijah za\u010delo primanjkovati delovne sile. Mladi zlasti z manj\u0161ih kmetij so se odseljevali in se zaposlovali v drugih gospodarskih dejavnostih. Izpad delovne sile v kmetijstvu so sicer nadomestili kmetijski stroji, vendar preve\u010d razgibanih zemlji\u0161\u010d s stroji ni mogo\u010de obdelati. Tako se velik del neko\u010d obdelanih kmetijskih zemlji\u0161\u010d zara\u0161\u010da in s tem vra\u010da v svoje prvobitno stanje, ki je bilo gozd.<br \/>Proces opu\u0161\u010danja slab\u0161ih kmetijskih zemlji\u0161\u010d in s tem zara\u0161\u010danja se je za\u010del z industrijsko revolucijo v za\u010detku 19. stoletja, pri nas pa se je mo\u010dno razmahnil sredi prej\u0161njega stoletja. Na obmo\u010dju Rakitne je bilo leta 1937 okrog 1100 ha travnikov in seno\u017eeti (od tega slednjih okrog 2\/3), leta 1960 \u0161e okrog 890 ha, leta 2003 samo \u0161e 320 ha. V istem obdobju pa se je povr\u0161ina gozdov pove\u010dala z 850 na okrog 1370 ha, zemlji\u0161\u010d v zara\u0161\u010danju, ki \u0161e niso prekategorizirana v gozd, pa je bilo leta 2003 nekaj manj kot 350 ha. Z zara\u0161\u010danjem se proizvodne zmogljivosti kmetijstva zmanj\u0161ujejo, obenem pa se mo\u010dno spreminja tudi podoba kulturne krajine. Letalska posnetka obmo\u010dja, kjer se nahajamo, iz let 1971 in 2011 lepo ponazarjata te spremembe.<br \/>Svoj \u010das se je zdelo, da je zara\u0161\u010danje slab\u0161ih in razgibanih travni\u0161kih zemlji\u0161\u010d nepovraten proces. Tehnika pa\u0161nih aparatov pa danes omogo\u010da, da zemlji\u0161\u010da v zara\u0161\u010danju ponovno vklju\u010dimo v kmetijsko rabo oziroma v pridelavo hrane s pa\u0161o \u017eivine. Pa\u0161ni aparati so uspe\u0161no nadomestili pastirje, ali bolje pastir\u010dke, saj so vsaj v na\u0161ih krajih \u017eivino v glavnem pasli otroci. Tega \u017ee nekaj desetletij ne morejo ve\u010d po\u010deti, saj je \u0161olanje postalo bolj zahtevno in potrebe po izobrazbi tudi kme\u010dkih otrok so vse ve\u010dje.<\/p><p><strong>Ko\u0161nja neko\u010d<\/strong><br \/>Ro\u010dna ko\u0161nja ter grabljenje travnikov in seno\u017eeti sta predstavljala te\u017ea\u0161ko delo. Da bi bilo dovolj hitro opravljeno, so pri ko\u0161nji poleg \u010dlanov dru\u017eine praviloma sodelovali tudi najeti kosci in grabljice, bodisi v okviru medsosedske pomo\u010di ali kot dninarji za zaslu\u017eek. Velikost seno\u017eeti so pogosto merili s \u0161tevilom koscev, potrebnih, da se seno\u017eet pokosi v enem dnevu (na primer: \u00bbTa seno\u017eet je za sedem koscev.\u00ab). Ob ko\u0161nji so gospodinje poskrbele za dobro hrano, gospodarji za pija\u010do in tobak, dekleta za \u00bbpu\u0161eljce\u00ab koscem, ki so jim jih pripele za klobuk ali na srajco. Pelo se je, se iskrilo med fanti in dekleti, pa tudi mo\u017eevalo. Zato je bila ko\u0161nja tudi pomemben dru\u017eabni dogodek. Ob tem delu so se razvili \u0161tevilni obi\u010daji, ki danes sodijo v kulturno dedi\u0161\u010dino in se ob\u010dasno obujajo v okviru etnografskih prireditev.<\/p><p><strong>Botani\u010dno bogastvo<\/strong><br \/>Zna\u010dilnost seno\u017eeti je bogat botani\u010dni sestav travne ru\u0161e. Med travo rastejo \u0161tevilne zeli, tudi zdravilne, in divje cvetlice. Poleg ivanj\u0161\u010dic in primo\u017ekov poganjajo travni\u0161ke orhideje, orlice, ranjak, \u0161entjan\u017eevke, rman, arnika in dobra misel, razne zvon\u010dnice, lakota, travni\u0161ka kadulja in grintavec, tu najdemo tudi kranjsko in brsti\u010dno lilijo \u2013 kraljico med seno\u017eetnimi ro\u017eami \u2013 in \u0161e mnoge druge. Nekatere so zaradi redkosti za\u0161\u010ditene in prosimo, da jih ne trgate.<br \/>Zaradi take sestave ru\u0161e je seno\u017eetna krma bolj kakovostna in zato so jo v\u010dasih ozna\u010devali s posebnim imenom \u00bbbr(d)no seno\u00ab. Ko\u0161enice v \u010dasu do visokega poletja, preden jih pokosijo, predstavljajo tudi razko\u0161no pa\u0161o za o\u010di. Ohranjanje ko\u0161enic brez intenzivnega gnojenja in z nekoliko kasnej\u0161o ko\u0161njo je zato pomembno tudi z ekolo\u0161kega vidika.<\/p>\t\t\t\t\t\t<\/div>\n\t\t\t\t<\/div>\n\t\t\t\t<div class=\"elementor-element elementor-element-1ce5e81 elementor-widget elementor-widget-text-editor\" data-id=\"1ce5e81\" data-element_type=\"widget\" data-widget_type=\"text-editor.default\">\n\t\t\t\t<div class=\"elementor-widget-container\">\n\t\t\t\t\t\t\tAvtor besedila: dr. Matija Kova\u010di\u010d | Foto: Geodetska uprava RS (1,2), M. Kova\u010di\u010d (3,4)\t\t\t\t\t\t<\/div>\n\t\t\t\t<\/div>\n\t\t\t\t\t<\/div>\n\t\t<\/div>\n\t\t\t\t<div class=\"has_eae_slider elementor-column elementor-col-33 elementor-top-column elementor-element elementor-element-3e8da815\" data-id=\"3e8da815\" data-element_type=\"column\">\n\t\t\t<div class=\"elementor-widget-wrap elementor-element-populated\">\n\t\t\t\t\t\t\t\t<div class=\"elementor-element elementor-element-4b12a68 elementor-widget elementor-widget-image\" data-id=\"4b12a68\" data-element_type=\"widget\" data-widget_type=\"image.default\">\n\t\t\t\t<div class=\"elementor-widget-container\">\n\t\t\t\t\t\t\t\t\t\t\t\t<figure class=\"wp-caption\">\n\t\t\t\t\t\t\t\t\t\t\t<a href=\"https:\/\/rakitna.si\/ucna-pot\/wp-content\/uploads\/2021\/09\/8_slika4.jpg\" data-elementor-open-lightbox=\"yes\" data-elementor-lightbox-title=\"8_slika4\">\n\t\t\t\t\t\t\t<img loading=\"lazy\" decoding=\"async\" width=\"333\" height=\"306\" src=\"https:\/\/rakitna.si\/ucna-pot\/wp-content\/uploads\/2021\/09\/8_slika4.jpg\" class=\"attachment-large size-large\" alt=\"\" srcset=\"https:\/\/rakitna.si\/ucna-pot\/wp-content\/uploads\/2021\/09\/8_slika4.jpg 333w, https:\/\/rakitna.si\/ucna-pot\/wp-content\/uploads\/2021\/09\/8_slika4-300x276.jpg 300w\" sizes=\"auto, (max-width: 333px) 100vw, 333px\" \/>\t\t\t\t\t\t\t\t<\/a>\n\t\t\t\t\t\t\t\t\t\t\t<figcaption class=\"widget-image-caption wp-caption-text\">Ko\u0161nja neko\u010d<\/figcaption>\n\t\t\t\t\t\t\t\t\t\t<\/figure>\n\t\t\t\t\t\t\t\t\t<\/div>\n\t\t\t\t<\/div>\n\t\t\t\t<div class=\"elementor-element elementor-element-54e1ae90 elementor-widget elementor-widget-image\" data-id=\"54e1ae90\" data-element_type=\"widget\" data-widget_type=\"image.default\">\n\t\t\t\t<div class=\"elementor-widget-container\">\n\t\t\t\t\t\t\t\t\t\t\t\t<figure class=\"wp-caption\">\n\t\t\t\t\t\t\t\t\t\t\t<a href=\"https:\/\/rakitna.si\/ucna-pot\/wp-content\/uploads\/2021\/09\/8_slika3.jpg\" data-elementor-open-lightbox=\"yes\" data-elementor-lightbox-title=\"8_slika3\">\n\t\t\t\t\t\t\t<img loading=\"lazy\" decoding=\"async\" width=\"329\" height=\"306\" src=\"https:\/\/rakitna.si\/ucna-pot\/wp-content\/uploads\/2021\/09\/8_slika3.jpg\" class=\"attachment-medium_large size-medium_large\" alt=\"\" srcset=\"https:\/\/rakitna.si\/ucna-pot\/wp-content\/uploads\/2021\/09\/8_slika3.jpg 329w, https:\/\/rakitna.si\/ucna-pot\/wp-content\/uploads\/2021\/09\/8_slika3-300x279.jpg 300w\" sizes=\"auto, (max-width: 329px) 100vw, 329px\" \/>\t\t\t\t\t\t\t\t<\/a>\n\t\t\t\t\t\t\t\t\t\t\t<figcaption class=\"widget-image-caption wp-caption-text\">Klepanje kose in po\u010ditek med ko\u0161njo<\/figcaption>\n\t\t\t\t\t\t\t\t\t\t<\/figure>\n\t\t\t\t\t\t\t\t\t<\/div>\n\t\t\t\t<\/div>\n\t\t\t\t\t<\/div>\n\t\t<\/div>\n\t\t\t\t<div class=\"has_eae_slider elementor-column elementor-col-33 elementor-top-column elementor-element elementor-element-34823b7f\" data-id=\"34823b7f\" data-element_type=\"column\">\n\t\t\t<div class=\"elementor-widget-wrap elementor-element-populated\">\n\t\t\t\t\t\t\t\t<div class=\"elementor-element elementor-element-31a39678 elementor-widget elementor-widget-image\" data-id=\"31a39678\" data-element_type=\"widget\" data-widget_type=\"image.default\">\n\t\t\t\t<div class=\"elementor-widget-container\">\n\t\t\t\t\t\t\t\t\t\t\t\t<figure class=\"wp-caption\">\n\t\t\t\t\t\t\t\t\t\t\t<a href=\"https:\/\/rakitna.si\/ucna-pot\/wp-content\/uploads\/2021\/09\/8_slika2.jpg\" data-elementor-open-lightbox=\"yes\" data-elementor-lightbox-title=\"8_slika2\">\n\t\t\t\t\t\t\t<img loading=\"lazy\" decoding=\"async\" width=\"687\" height=\"554\" src=\"https:\/\/rakitna.si\/ucna-pot\/wp-content\/uploads\/2021\/09\/8_slika2.jpg\" class=\"attachment-medium_large size-medium_large\" alt=\"\" srcset=\"https:\/\/rakitna.si\/ucna-pot\/wp-content\/uploads\/2021\/09\/8_slika2.jpg 687w, https:\/\/rakitna.si\/ucna-pot\/wp-content\/uploads\/2021\/09\/8_slika2-300x242.jpg 300w\" sizes=\"auto, (max-width: 687px) 100vw, 687px\" \/>\t\t\t\t\t\t\t\t<\/a>\n\t\t\t\t\t\t\t\t\t\t\t<figcaption class=\"widget-image-caption wp-caption-text\"> Zara\u0161\u010denost Rakitne leta 1971 in 2011<\/figcaption>\n\t\t\t\t\t\t\t\t\t\t<\/figure>\n\t\t\t\t\t\t\t\t\t<\/div>\n\t\t\t\t<\/div>\n\t\t\t\t<div class=\"elementor-element elementor-element-4d47c2bf elementor-widget elementor-widget-image\" data-id=\"4d47c2bf\" data-element_type=\"widget\" data-widget_type=\"image.default\">\n\t\t\t\t<div class=\"elementor-widget-container\">\n\t\t\t\t\t\t\t\t\t\t\t\t<figure class=\"wp-caption\">\n\t\t\t\t\t\t\t\t\t\t\t<a href=\"https:\/\/rakitna.si\/ucna-pot\/wp-content\/uploads\/2021\/09\/8_slika1.jpg\" data-elementor-open-lightbox=\"yes\" data-elementor-lightbox-title=\"8_slika1\">\n\t\t\t\t\t\t\t<img loading=\"lazy\" decoding=\"async\" width=\"687\" height=\"603\" src=\"https:\/\/rakitna.si\/ucna-pot\/wp-content\/uploads\/2021\/09\/8_slika1.jpg\" class=\"attachment-medium_large size-medium_large\" alt=\"\" srcset=\"https:\/\/rakitna.si\/ucna-pot\/wp-content\/uploads\/2021\/09\/8_slika1.jpg 687w, https:\/\/rakitna.si\/ucna-pot\/wp-content\/uploads\/2021\/09\/8_slika1-300x263.jpg 300w\" sizes=\"auto, (max-width: 687px) 100vw, 687px\" \/>\t\t\t\t\t\t\t\t<\/a>\n\t\t\t\t\t\t\t\t\t\t\t<figcaption class=\"widget-image-caption wp-caption-text\"> Zara\u0161\u010denost Rakitne leta 1971<\/figcaption>\n\t\t\t\t\t\t\t\t\t\t<\/figure>\n\t\t\t\t\t\t\t\t\t<\/div>\n\t\t\t\t<\/div>\n\t\t\t\t<div class=\"elementor-element elementor-element-531bc24d elementor-widget elementor-widget-text-editor\" data-id=\"531bc24d\" data-element_type=\"widget\" data-widget_type=\"text-editor.default\">\n\t\t\t\t<div class=\"elementor-widget-container\">\n\t\t\t\t\t\t\t<p>ALI POZNA\u0160 KAK\u0160EN SLOVENSKI MLADINSKI FILM, PRIPOVEDKO, POVEST ALI PESEM, KI GOVORIJO O PASTIRJIH?<br \/>(re\u0161itev: France Bevk: icritsaP, ljudska pripoved: ke\u010dritsaP, Josip Vandot: cekeK, ljudska pesem: itib ont\u0161ul hacninalp aN \u2026)<br \/><br \/><\/p><p>V PRETEKLOSTI SO GOSPODINJE NOSILE MALICO V JERBASIH NA GLAVI. POSKUSI SVOJO MALICO NOSITI NA GLAVI IN NAREDITI NEKAJ KORAKOV.<\/p><p>7. DEL BESEDNE SESTAVLJANKE: HRI<\/p>\t\t\t\t\t\t<\/div>\n\t\t\t\t<\/div>\n\t\t\t\t<div class=\"elementor-element elementor-element-498d983a elementor-widget elementor-widget-text-editor\" data-id=\"498d983a\" data-element_type=\"widget\" data-widget_type=\"text-editor.default\">\n\t\t\t\t<div class=\"elementor-widget-container\">\n\t\t\t\t\t\t\t<p>\u00bbSo pa fantje zgodaj vstali, urno so kose klepali.<br \/>Se je storil svit, so pa \u0161li kosit, zve\u010der pa dekle gor budit\u00ab.<br \/>(ljudska)<\/p>\t\t\t\t\t\t<\/div>\n\t\t\t\t<\/div>\n\t\t\t\t\t<\/div>\n\t\t<\/div>\n\t\t\t\t\t\t\t<\/div>\n\t\t<\/section>\n\t\t\t\t\t\t<\/div>\n\t\t\t\t\t<\/div>\n\t\t","protected":false},"excerpt":{"rendered":"<p>Seno\u017eeti in zara\u0161\u010danje \u00bbKje so tiste stezice, k&#8217; so v\u010dasih bile?\u00ab Nahajamo se na predelu z ledinskim imenom \u010crte\u017e. Travnik, ki ga vidimo pred sabo, je zna\u010dilna oblika kmetijske rabe zemlji\u0161\u010da v hribovitem svetu. Pravimo mu \u00bbseno\u017eet\u00ab (v raki\u0161kem nare\u010dju \u00bbsno\u017eet\u00ab), knji\u017eno tudi \u00bbko\u0161enica\u00ab, v strokovnem izrazju \u00bbenokosni travnik\u00ab. Zaradi slab\u0161e kvalitete zemlje in ker [&hellip;]<\/p>\n","protected":false},"author":1,"featured_media":0,"parent":0,"menu_order":8,"comment_status":"closed","ping_status":"closed","template":"","meta":{"footnotes":""},"class_list":["post-84","page","type-page","status-publish","hentry"],"_links":{"self":[{"href":"https:\/\/rakitna.si\/ucna-pot\/wp-json\/wp\/v2\/pages\/84","targetHints":{"allow":["GET"]}}],"collection":[{"href":"https:\/\/rakitna.si\/ucna-pot\/wp-json\/wp\/v2\/pages"}],"about":[{"href":"https:\/\/rakitna.si\/ucna-pot\/wp-json\/wp\/v2\/types\/page"}],"author":[{"embeddable":true,"href":"https:\/\/rakitna.si\/ucna-pot\/wp-json\/wp\/v2\/users\/1"}],"replies":[{"embeddable":true,"href":"https:\/\/rakitna.si\/ucna-pot\/wp-json\/wp\/v2\/comments?post=84"}],"version-history":[{"count":91,"href":"https:\/\/rakitna.si\/ucna-pot\/wp-json\/wp\/v2\/pages\/84\/revisions"}],"predecessor-version":[{"id":563,"href":"https:\/\/rakitna.si\/ucna-pot\/wp-json\/wp\/v2\/pages\/84\/revisions\/563"}],"wp:attachment":[{"href":"https:\/\/rakitna.si\/ucna-pot\/wp-json\/wp\/v2\/media?parent=84"}],"curies":[{"name":"wp","href":"https:\/\/api.w.org\/{rel}","templated":true}]}}