{"id":80,"date":"2021-09-17T20:58:33","date_gmt":"2021-09-17T20:58:33","guid":{"rendered":"https:\/\/rakitna.si\/ucna-pot\/mokrisca\/"},"modified":"2021-09-28T20:15:36","modified_gmt":"2021-09-28T20:15:36","slug":"mokrisca","status":"publish","type":"page","link":"https:\/\/rakitna.si\/ucna-pot\/mokrisca\/","title":{"rendered":"Mokri\u0161\u010da"},"content":{"rendered":"\t\t<div data-elementor-type=\"wp-page\" data-elementor-id=\"80\" class=\"elementor elementor-80\" data-elementor-settings=\"[]\">\n\t\t\t\t\t\t\t<div class=\"elementor-section-wrap\">\n\t\t\t\t\t\t\t<section class=\"has_eae_slider elementor-section elementor-top-section elementor-element elementor-element-1923a617 elementor-section-boxed elementor-section-height-default elementor-section-height-default\" data-id=\"1923a617\" data-element_type=\"section\">\n\t\t\t\t\t\t<div class=\"elementor-container elementor-column-gap-default\">\n\t\t\t\t\t<div class=\"has_eae_slider elementor-column elementor-col-100 elementor-top-column elementor-element elementor-element-5b7d2810\" data-id=\"5b7d2810\" data-element_type=\"column\">\n\t\t\t<div class=\"elementor-widget-wrap elementor-element-populated\">\n\t\t\t\t\t\t\t\t<div class=\"elementor-element elementor-element-6ad930ac elementor-widget elementor-widget-heading\" data-id=\"6ad930ac\" data-element_type=\"widget\" data-widget_type=\"heading.default\">\n\t\t\t\t<div class=\"elementor-widget-container\">\n\t\t\t<h2 class=\"elementor-heading-title elementor-size-default\">Mokri\u0161\u010da<\/h2>\t\t<\/div>\n\t\t\t\t<\/div>\n\t\t\t\t<div class=\"elementor-element elementor-element-6712c730 elementor-widget elementor-widget-heading\" data-id=\"6712c730\" data-element_type=\"widget\" data-widget_type=\"heading.default\">\n\t\t\t\t<div class=\"elementor-widget-container\">\n\t\t\t<h4 class=\"elementor-heading-title elementor-size-default\">Bogastvo \u017eivljenja<\/h4>\t\t<\/div>\n\t\t\t\t<\/div>\n\t\t\t\t\t<\/div>\n\t\t<\/div>\n\t\t\t\t\t\t\t<\/div>\n\t\t<\/section>\n\t\t\t\t<section class=\"has_eae_slider elementor-section elementor-top-section elementor-element elementor-element-697f89b2 elementor-section-stretched elementor-section-boxed elementor-section-height-default elementor-section-height-default\" data-id=\"697f89b2\" data-element_type=\"section\" data-settings=\"{&quot;stretch_section&quot;:&quot;section-stretched&quot;}\">\n\t\t\t\t\t\t<div class=\"elementor-container elementor-column-gap-default\">\n\t\t\t\t\t<div class=\"has_eae_slider elementor-column elementor-col-33 elementor-top-column elementor-element elementor-element-3d2b0e9d\" data-id=\"3d2b0e9d\" data-element_type=\"column\">\n\t\t\t<div class=\"elementor-widget-wrap elementor-element-populated\">\n\t\t\t\t\t\t\t\t<div class=\"elementor-element elementor-element-530f9661 elementor-widget elementor-widget-text-editor\" data-id=\"530f9661\" data-element_type=\"widget\" data-widget_type=\"text-editor.default\">\n\t\t\t\t<div class=\"elementor-widget-container\">\n\t\t\t\t\t\t\t<div class=\"itemFullText\"><div class=\"moduleItemIntrotext\"><p><strong>Bogastvo \u017eivljenja<\/strong><br \/>Mokri\u0161\u010da so najbolj pestri ekosistemi na na\u0161em planetu. Pojavljajo se v \u0161tevilnih oblikah, za vse pa je zna\u010dilna prisotnost vode. Voda je lahko sladka, polslana ali slana, stalna ali presihajo\u010da. Zemljo lahko popolnoma prekriva, ali pa sega le tik do povr\u0161ja tal. Med mokri\u0161\u010da sodijo mo\u010dvirja, barja, \u0161oti\u0161\u010da, poplavni gozdovi, pa tudi presihajo\u010da in plitva jezera, bregovi rek, bibavi\u010dni pas ter obalni predeli morij, kjer globina vode ob oseki ne presega \u0161est metrov ter jame s stoje\u010do ali teko\u010do vodo. Prav vse na\u0161tete oblike mokri\u0161\u010d imamo tudi v Sloveniji.<\/p><p><strong>Pomen mokri\u0161\u010d<\/strong><br \/>Nekdaj so ljudje mokri\u0161\u010da obravnavali kot zemlji\u0161\u010da brez vsake vrednosti, zato so jih izsu\u0161evali in spreminjali. Sredi prej\u0161njega stoletja pa smo za\u010deli odkrivati njihov velik pomen za \u017eivljenje na Zemlji, zato si jih danes prizadevamo varovati. Ker so sposobna zadr\u017eati ogromne koli\u010dine vode, igrajo neprecenljivo vlogo pri prepre\u010devanju poplav. So rezervoarji, ki skozi vse poletje napajajo reke in podtalne vodne tokove, iz katerih \u010drpamo vodo tudi ljudje. Voda, ki se pretaka skozi mokri\u0161\u010da, se fizikalno in biolo\u0161ko o\u010disti do te mere, da ponovno postane pitna. Mokri\u0161\u010da so tudi obmo\u010dja z veliko biotsko pestrostjo.<\/p><p><strong>\u017divi svet mokri\u0161\u010d<\/strong><br \/>Zaradi ugodnih vodnih razmer so se v mokri\u0161\u010dih razvile \u0161tevilne in zelo pestre \u017eivljenjske zdru\u017ebe. Od mogo\u010dnih hrastovih in jel\u0161evih gozdov, ki brez \u0161kode vzdr\u017eijo tudi poplave, do nepreglednih povr\u0161in trsti\u010dij, ki lahko kljubujejo pomanjkanju vode. Vidre in \u010daplje si v mokri\u0161\u010dih i\u0161\u010dejo hrano, \u017eabe in ka\u010dji pastirji pre\u017eivijo svojo mladost, ribe pa ves \u017eivljenjski ciklus. Mokri\u0161\u010da so vir pitne vode, zato so od njih odvisne tudi vse druge \u017eivalske vrste.<\/p><p><strong>Mokri\u0161\u010da v Rakitni<\/strong><br \/>Najbolj znano raki\u0161ko mokri\u0161\u010de je jezero. A mokri\u0161\u010de je vsa dolina, v kateri se nahajate. Poleti je sicer lahko su\u0161na, spomladi, ko se na pobo\u010djih Nova\u0161ke gore in v \u010crte\u017eu topi sneg, ali jeseni, po mo\u010dnih nalivih, pa je sprehod po dolini mogo\u010d le z gumijastimi \u0161kornji, saj voda stoji v vsaki kotanji, pocedi se iz vsake travne ru\u0161e, na katero stopimo. Mokri\u0161\u010de je tudi razvejano o\u017eilje potokov v gozdnem in seno\u017eetnem zaledju, ki prispeva ve\u010dino vode za Raki\u0161ko jezero.<\/p><p><strong>Zanimivosti o mokri\u0161\u010dih<\/strong><br \/>\u2013 Mokri\u0161\u010da predstavljajo prehod med kopnim in vodo;<br \/>\u2013 najdemo jih na vseh celinah sveta, razen na Antarktiki;<br \/>\u2013 najve\u010dji mokri\u0161\u010di na svetu sta pore\u010dje Amazonke in sibirska tundra, kjer pa je velik del vode zaledenel;<br \/>\u2013 grebeni, oblika mokri\u0161\u010d v oceanih, so obmo\u010dja najve\u010djih znanih pestrosti \u017eivali in rastlin na Zemlji;<br \/>\u2013 stopnja uni\u010devanja naravnega okolja, ki ga povzro\u010da \u010dlovek, je najve\u010dja na mokri\u0161\u010dih;<br \/>\u2013 Ramsarska konvencija je mednarodni dokument, ki dr\u017eave podpisnice, tudi Slovenijo, zavezuje k varovanju mokri\u0161\u010d;<\/p><\/div><\/div>\t\t\t\t\t\t<\/div>\n\t\t\t\t<\/div>\n\t\t\t\t<div class=\"elementor-element elementor-element-f5276b8 elementor-widget elementor-widget-text-editor\" data-id=\"f5276b8\" data-element_type=\"widget\" data-widget_type=\"text-editor.default\">\n\t\t\t\t<div class=\"elementor-widget-container\">\n\t\t\t\t\t\t\t<p>Avtor besedila: dr. Gorazd Kova\u010di\u010d | Foto: Matija Kova\u010di\u010d (4-7)<\/p>\t\t\t\t\t\t<\/div>\n\t\t\t\t<\/div>\n\t\t\t\t\t<\/div>\n\t\t<\/div>\n\t\t\t\t<div class=\"has_eae_slider elementor-column elementor-col-33 elementor-top-column elementor-element elementor-element-60075e6\" data-id=\"60075e6\" data-element_type=\"column\">\n\t\t\t<div class=\"elementor-widget-wrap elementor-element-populated\">\n\t\t\t\t\t\t\t\t<div class=\"elementor-element elementor-element-5b22e36c elementor-widget elementor-widget-image\" data-id=\"5b22e36c\" data-element_type=\"widget\" data-widget_type=\"image.default\">\n\t\t\t\t<div class=\"elementor-widget-container\">\n\t\t\t\t\t\t\t\t\t\t\t\t<figure class=\"wp-caption\">\n\t\t\t\t\t\t\t\t\t\t\t<a href=\"https:\/\/rakitna.si\/ucna-pot\/wp-content\/uploads\/2021\/09\/04_gozdni_potok.jpg\" data-elementor-open-lightbox=\"yes\" data-elementor-lightbox-title=\"Gozdni potok\">\n\t\t\t\t\t\t\t<img loading=\"lazy\" decoding=\"async\" width=\"433\" height=\"420\" src=\"https:\/\/rakitna.si\/ucna-pot\/wp-content\/uploads\/2021\/09\/04_gozdni_potok.jpg\" class=\"attachment-medium_large size-medium_large\" alt=\"\" srcset=\"https:\/\/rakitna.si\/ucna-pot\/wp-content\/uploads\/2021\/09\/04_gozdni_potok.jpg 433w, https:\/\/rakitna.si\/ucna-pot\/wp-content\/uploads\/2021\/09\/04_gozdni_potok-300x291.jpg 300w\" sizes=\"auto, (max-width: 433px) 100vw, 433px\" \/>\t\t\t\t\t\t\t\t<\/a>\n\t\t\t\t\t\t\t\t\t\t\t<figcaption class=\"widget-image-caption wp-caption-text\">Gozdni potok<\/figcaption>\n\t\t\t\t\t\t\t\t\t\t<\/figure>\n\t\t\t\t\t\t\t\t\t<\/div>\n\t\t\t\t<\/div>\n\t\t\t\t<div class=\"elementor-element elementor-element-5efa26b5 elementor-widget elementor-widget-image\" data-id=\"5efa26b5\" data-element_type=\"widget\" data-widget_type=\"image.default\">\n\t\t\t\t<div class=\"elementor-widget-container\">\n\t\t\t\t\t\t\t\t\t\t\t\t<figure class=\"wp-caption\">\n\t\t\t\t\t\t\t\t\t\t\t<a href=\"https:\/\/rakitna.si\/ucna-pot\/wp-content\/uploads\/2021\/09\/4_vrbina.jpg\" data-elementor-open-lightbox=\"yes\" data-elementor-lightbox-title=\"Vrbina\">\n\t\t\t\t\t\t\t<img loading=\"lazy\" decoding=\"async\" width=\"356\" height=\"370\" src=\"https:\/\/rakitna.si\/ucna-pot\/wp-content\/uploads\/2021\/09\/4_vrbina.jpg\" class=\"attachment-medium_large size-medium_large\" alt=\"\" srcset=\"https:\/\/rakitna.si\/ucna-pot\/wp-content\/uploads\/2021\/09\/4_vrbina.jpg 356w, https:\/\/rakitna.si\/ucna-pot\/wp-content\/uploads\/2021\/09\/4_vrbina-289x300.jpg 289w\" sizes=\"auto, (max-width: 356px) 100vw, 356px\" \/>\t\t\t\t\t\t\t\t<\/a>\n\t\t\t\t\t\t\t\t\t\t\t<figcaption class=\"widget-image-caption wp-caption-text\">Vrbina<\/figcaption>\n\t\t\t\t\t\t\t\t\t\t<\/figure>\n\t\t\t\t\t\t\t\t\t<\/div>\n\t\t\t\t<\/div>\n\t\t\t\t\t<\/div>\n\t\t<\/div>\n\t\t\t\t<div class=\"has_eae_slider elementor-column elementor-col-33 elementor-top-column elementor-element elementor-element-5cee66c0\" data-id=\"5cee66c0\" data-element_type=\"column\">\n\t\t\t<div class=\"elementor-widget-wrap elementor-element-populated\">\n\t\t\t\t\t\t\t\t<div class=\"elementor-element elementor-element-fa54c3a elementor-widget elementor-widget-image\" data-id=\"fa54c3a\" data-element_type=\"widget\" data-widget_type=\"image.default\">\n\t\t\t\t<div class=\"elementor-widget-container\">\n\t\t\t\t\t\t\t\t\t\t\t\t<figure class=\"wp-caption\">\n\t\t\t\t\t\t\t\t\t\t\t<a href=\"https:\/\/rakitna.si\/ucna-pot\/wp-content\/uploads\/2021\/09\/04_soline.jpg\" data-elementor-open-lightbox=\"yes\" data-elementor-lightbox-title=\"Se\u010doveljske soline\">\n\t\t\t\t\t\t\t<img loading=\"lazy\" decoding=\"async\" width=\"433\" height=\"417\" src=\"https:\/\/rakitna.si\/ucna-pot\/wp-content\/uploads\/2021\/09\/04_soline.jpg\" class=\"attachment-medium_large size-medium_large\" alt=\"\" srcset=\"https:\/\/rakitna.si\/ucna-pot\/wp-content\/uploads\/2021\/09\/04_soline.jpg 433w, https:\/\/rakitna.si\/ucna-pot\/wp-content\/uploads\/2021\/09\/04_soline-300x289.jpg 300w\" sizes=\"auto, (max-width: 433px) 100vw, 433px\" \/>\t\t\t\t\t\t\t\t<\/a>\n\t\t\t\t\t\t\t\t\t\t\t<figcaption class=\"widget-image-caption wp-caption-text\">Se\u010doveljske soline<\/figcaption>\n\t\t\t\t\t\t\t\t\t\t<\/figure>\n\t\t\t\t\t\t\t\t\t<\/div>\n\t\t\t\t<\/div>\n\t\t\t\t<div class=\"elementor-element elementor-element-2211cbb5 elementor-widget elementor-widget-image\" data-id=\"2211cbb5\" data-element_type=\"widget\" data-widget_type=\"image.default\">\n\t\t\t\t<div class=\"elementor-widget-container\">\n\t\t\t\t\t\t\t\t\t\t\t\t<figure class=\"wp-caption\">\n\t\t\t\t\t\t\t\t\t\t\t<a href=\"https:\/\/rakitna.si\/ucna-pot\/wp-content\/uploads\/2021\/09\/4_skocjan.jpg\" data-elementor-open-lightbox=\"yes\" data-elementor-lightbox-title=\"4_skocjan\">\n\t\t\t\t\t\t\t<img loading=\"lazy\" decoding=\"async\" width=\"354\" height=\"362\" src=\"https:\/\/rakitna.si\/ucna-pot\/wp-content\/uploads\/2021\/09\/4_skocjan.jpg\" class=\"attachment-medium_large size-medium_large\" alt=\"\" srcset=\"https:\/\/rakitna.si\/ucna-pot\/wp-content\/uploads\/2021\/09\/4_skocjan.jpg 354w, https:\/\/rakitna.si\/ucna-pot\/wp-content\/uploads\/2021\/09\/4_skocjan-293x300.jpg 293w\" sizes=\"auto, (max-width: 354px) 100vw, 354px\" \/>\t\t\t\t\t\t\t\t<\/a>\n\t\t\t\t\t\t\t\t\t\t\t<figcaption class=\"widget-image-caption wp-caption-text\">\u0160kocjanske jame<\/figcaption>\n\t\t\t\t\t\t\t\t\t\t<\/figure>\n\t\t\t\t\t\t\t\t\t<\/div>\n\t\t\t\t<\/div>\n\t\t\t\t\t<\/div>\n\t\t<\/div>\n\t\t\t\t\t\t\t<\/div>\n\t\t<\/section>\n\t\t\t\t<section class=\"has_eae_slider elementor-section elementor-top-section elementor-element elementor-element-9d41e77 elementor-section-stretched elementor-section-boxed elementor-section-height-default elementor-section-height-default\" data-id=\"9d41e77\" data-element_type=\"section\" data-settings=\"{&quot;stretch_section&quot;:&quot;section-stretched&quot;}\">\n\t\t\t\t\t\t<div class=\"elementor-container elementor-column-gap-default\">\n\t\t\t\t\t<div class=\"has_eae_slider elementor-column elementor-col-50 elementor-top-column elementor-element elementor-element-003b78b\" data-id=\"003b78b\" data-element_type=\"column\">\n\t\t\t<div class=\"elementor-widget-wrap elementor-element-populated\">\n\t\t\t\t\t\t\t\t<div class=\"elementor-element elementor-element-0ea2776 elementor-widget elementor-widget-text-editor\" data-id=\"0ea2776\" data-element_type=\"widget\" data-widget_type=\"text-editor.default\">\n\t\t\t\t<div class=\"elementor-widget-container\">\n\t\t\t\t\t\t\t<p><strong>V POTO\u010cKU POI\u0160\u010cI \u017dIVALI, KI JIH JE NAJVE\u010c. KAKO JIH IMENUJEMO, KO ODRASTEJO? <\/strong><br \/><strong>NA\u0160TEJ \u010cIM VE\u010c PRAVLJIC IN PESMIC O NJIH. LAHKO TUDI ZAPOJE\u0160. <\/strong><br \/><strong>(re\u0161itev: eba\u017e) <\/strong><br \/><strong>ZAKAJ \u010cRNA JEL\u0160A NAJLEP\u0160E RASTE OB POTOKIH? <\/strong><br \/><strong>(re\u0161itev: edov okilev idaraz)<br \/><\/strong><br \/><strong>3. DEL BESEDNE SESTAVLJANKE: <\/strong><\/p><h2><strong>NA<\/strong><\/h2>\t\t\t\t\t\t<\/div>\n\t\t\t\t<\/div>\n\t\t\t\t\t<\/div>\n\t\t<\/div>\n\t\t\t\t<div class=\"has_eae_slider elementor-column elementor-col-50 elementor-top-column elementor-element elementor-element-828a469\" data-id=\"828a469\" data-element_type=\"column\">\n\t\t\t<div class=\"elementor-widget-wrap elementor-element-populated\">\n\t\t\t\t\t\t\t\t<div class=\"elementor-element elementor-element-70eb897e elementor-widget elementor-widget-image\" data-id=\"70eb897e\" data-element_type=\"widget\" data-widget_type=\"image.default\">\n\t\t\t\t<div class=\"elementor-widget-container\">\n\t\t\t\t\t\t\t\t\t\t\t\t<figure class=\"wp-caption\">\n\t\t\t\t\t\t\t\t\t\t\t<a href=\"https:\/\/rakitna.si\/ucna-pot\/wp-content\/uploads\/2021\/09\/4_cerknisko_jezero.jpg\" data-elementor-open-lightbox=\"yes\" data-elementor-lightbox-title=\"Cerkni\u0161ko jezero\">\n\t\t\t\t\t\t\t<img loading=\"lazy\" decoding=\"async\" width=\"800\" height=\"267\" src=\"https:\/\/rakitna.si\/ucna-pot\/wp-content\/uploads\/2021\/09\/4_cerknisko_jezero-1024x342.jpg\" class=\"attachment-large size-large\" alt=\"\" srcset=\"https:\/\/rakitna.si\/ucna-pot\/wp-content\/uploads\/2021\/09\/4_cerknisko_jezero-1024x342.jpg 1024w, https:\/\/rakitna.si\/ucna-pot\/wp-content\/uploads\/2021\/09\/4_cerknisko_jezero-300x100.jpg 300w, https:\/\/rakitna.si\/ucna-pot\/wp-content\/uploads\/2021\/09\/4_cerknisko_jezero-768x256.jpg 768w, https:\/\/rakitna.si\/ucna-pot\/wp-content\/uploads\/2021\/09\/4_cerknisko_jezero.jpg 1190w\" sizes=\"auto, (max-width: 800px) 100vw, 800px\" \/>\t\t\t\t\t\t\t\t<\/a>\n\t\t\t\t\t\t\t\t\t\t\t<figcaption class=\"widget-image-caption wp-caption-text\">Cerkni\u0161ko jezero<\/figcaption>\n\t\t\t\t\t\t\t\t\t\t<\/figure>\n\t\t\t\t\t\t\t\t\t<\/div>\n\t\t\t\t<\/div>\n\t\t\t\t\t<\/div>\n\t\t<\/div>\n\t\t\t\t\t\t\t<\/div>\n\t\t<\/section>\n\t\t\t\t<section class=\"has_eae_slider elementor-section elementor-top-section elementor-element elementor-element-69e78bb elementor-section-stretched elementor-section-boxed elementor-section-height-default elementor-section-height-default\" data-id=\"69e78bb\" data-element_type=\"section\" data-settings=\"{&quot;stretch_section&quot;:&quot;section-stretched&quot;}\">\n\t\t\t\t\t\t<div class=\"elementor-container elementor-column-gap-default\">\n\t\t\t\t\t<div class=\"has_eae_slider elementor-column elementor-col-33 elementor-top-column elementor-element elementor-element-4e09d8b\" data-id=\"4e09d8b\" data-element_type=\"column\">\n\t\t\t<div class=\"elementor-widget-wrap elementor-element-populated\">\n\t\t\t\t\t\t\t\t<div class=\"elementor-element elementor-element-723432b elementor-widget elementor-widget-text-editor\" data-id=\"723432b\" data-element_type=\"widget\" data-widget_type=\"text-editor.default\">\n\t\t\t\t<div class=\"elementor-widget-container\">\n\t\t\t\t\t\t\t<div class=\"itemFullText\"><div class=\"moduleItemIntrotext\"><div class=\"moduleItemIntrotext\"><p>Za dodatne informacije priporo\u010damo <br \/>naslednje spletne strani:<\/p><p>Agencija RS za okolje<br \/><a href=\"https:\/\/web.archive.org\/web\/20180721164533\/http:\/\/www.arso.gov.si\/vode\/publikacije%20in%20poro\u010dila\/\" target=\"_blank\" rel=\"noopener\">http:\/\/www.arso.gov.si\/<\/a><br \/>Ramsarska konvencija (v angle\u0161\u010dini)<br \/><a href=\"https:\/\/web.archive.org\/web\/20180721164533\/http:\/\/www.ramsar.org\/\" target=\"_blank\" rel=\"noopener\">http:\/\/www.ramsar.org\/<\/a><br \/>Nevladna organizacija Wetlands International (v angle\u0161\u010dini)<br \/><a href=\"https:\/\/web.archive.org\/web\/20180721164533\/http:\/\/www.wetlands.org\/\" target=\"_blank\" rel=\"noopener\">http:\/\/www.wetlands.org\/<\/a><br \/>Krajinski park Ljubljansko barje<br \/><a href=\"https:\/\/web.archive.org\/web\/20180721164533\/http:\/\/www.ljubljanskobarje.si\/\" target=\"_blank\" rel=\"noopener\">http:\/\/www.ljubljanskobarje.si\/<\/a><br \/>Notranjski regijski park<br \/><a href=\"https:\/\/web.archive.org\/web\/20180721164533\/http:\/\/www.notranjski-park.si\/\">http:\/\/www.notranjski-park.si\/<\/a><br \/>Park \u0160kocjanske jame<br \/><a href=\"https:\/\/web.archive.org\/web\/20180721164533\/http:\/\/www.park-skocjanske-jame.si\/\" target=\"_blank\" rel=\"noopener\">http:\/\/www.park-skocjanske-jame.si\/<\/a><br \/>Krajinski park Se\u010doveljske soline<br \/><a href=\"https:\/\/web.archive.org\/web\/20180721164533\/http:\/\/www.kpss.si\/\" target=\"_blank\" rel=\"noopener\">http:\/\/www.kpss.si\/<\/a><\/p><\/div><\/div><\/div>\t\t\t\t\t\t<\/div>\n\t\t\t\t<\/div>\n\t\t\t\t<div class=\"elementor-element elementor-element-daec5fa elementor-widget elementor-widget-text-editor\" data-id=\"daec5fa\" data-element_type=\"widget\" data-widget_type=\"text-editor.default\">\n\t\t\t\t<div class=\"elementor-widget-container\">\n\t\t\t\t\t\t\t<div class=\"moduleItemIntrotext\"><p>Avtor besedila: dr. Davorin Tome | Foto: D. Tome (1, 3, 4, 6-8), Arhiv Solin (2), KP \u0160kocjanske jame (5)<\/p><\/div>\t\t\t\t\t\t<\/div>\n\t\t\t\t<\/div>\n\t\t\t\t\t<\/div>\n\t\t<\/div>\n\t\t\t\t<div class=\"has_eae_slider elementor-column elementor-col-33 elementor-top-column elementor-element elementor-element-903f724\" data-id=\"903f724\" data-element_type=\"column\">\n\t\t\t<div class=\"elementor-widget-wrap elementor-element-populated\">\n\t\t\t\t\t\t\t\t<div class=\"elementor-element elementor-element-bb7c8ca elementor-widget elementor-widget-image\" data-id=\"bb7c8ca\" data-element_type=\"widget\" data-widget_type=\"image.default\">\n\t\t\t\t<div class=\"elementor-widget-container\">\n\t\t\t\t\t\t\t\t\t\t\t\t<figure class=\"wp-caption\">\n\t\t\t\t\t\t\t\t\t\t\t<a href=\"https:\/\/rakitna.si\/ucna-pot\/wp-content\/uploads\/2021\/09\/4_retece.jpg\" data-elementor-open-lightbox=\"yes\" data-elementor-lightbox-title=\"Rete\u010de\">\n\t\t\t\t\t\t\t<img loading=\"lazy\" decoding=\"async\" width=\"352\" height=\"358\" src=\"https:\/\/rakitna.si\/ucna-pot\/wp-content\/uploads\/2021\/09\/4_retece.jpg\" class=\"attachment-medium_large size-medium_large\" alt=\"\" srcset=\"https:\/\/rakitna.si\/ucna-pot\/wp-content\/uploads\/2021\/09\/4_retece.jpg 352w, https:\/\/rakitna.si\/ucna-pot\/wp-content\/uploads\/2021\/09\/4_retece-295x300.jpg 295w\" sizes=\"auto, (max-width: 352px) 100vw, 352px\" \/>\t\t\t\t\t\t\t\t<\/a>\n\t\t\t\t\t\t\t\t\t\t\t<figcaption class=\"widget-image-caption wp-caption-text\">Rete\u010de<\/figcaption>\n\t\t\t\t\t\t\t\t\t\t<\/figure>\n\t\t\t\t\t\t\t\t\t<\/div>\n\t\t\t\t<\/div>\n\t\t\t\t\t<\/div>\n\t\t<\/div>\n\t\t\t\t<div class=\"has_eae_slider elementor-column elementor-col-33 elementor-top-column elementor-element elementor-element-ebe5b3d\" data-id=\"ebe5b3d\" data-element_type=\"column\">\n\t\t\t<div class=\"elementor-widget-wrap elementor-element-populated\">\n\t\t\t\t\t\t\t\t<div class=\"elementor-element elementor-element-7ff81bb elementor-widget elementor-widget-image\" data-id=\"7ff81bb\" data-element_type=\"widget\" data-widget_type=\"image.default\">\n\t\t\t\t<div class=\"elementor-widget-container\">\n\t\t\t\t\t\t\t\t\t\t\t\t<figure class=\"wp-caption\">\n\t\t\t\t\t\t\t\t\t\t\t<a href=\"https:\/\/rakitna.si\/ucna-pot\/wp-content\/uploads\/2021\/09\/4_krakovski.jpg\" data-elementor-open-lightbox=\"yes\" data-elementor-lightbox-title=\"Krakovski gozd\">\n\t\t\t\t\t\t\t<img loading=\"lazy\" decoding=\"async\" width=\"356\" height=\"364\" src=\"https:\/\/rakitna.si\/ucna-pot\/wp-content\/uploads\/2021\/09\/4_krakovski.jpg\" class=\"attachment-medium_large size-medium_large\" alt=\"\" srcset=\"https:\/\/rakitna.si\/ucna-pot\/wp-content\/uploads\/2021\/09\/4_krakovski.jpg 356w, https:\/\/rakitna.si\/ucna-pot\/wp-content\/uploads\/2021\/09\/4_krakovski-293x300.jpg 293w\" sizes=\"auto, (max-width: 356px) 100vw, 356px\" \/>\t\t\t\t\t\t\t\t<\/a>\n\t\t\t\t\t\t\t\t\t\t\t<figcaption class=\"widget-image-caption wp-caption-text\">Krakovski gozd<\/figcaption>\n\t\t\t\t\t\t\t\t\t\t<\/figure>\n\t\t\t\t\t\t\t\t\t<\/div>\n\t\t\t\t<\/div>\n\t\t\t\t\t<\/div>\n\t\t<\/div>\n\t\t\t\t\t\t\t<\/div>\n\t\t<\/section>\n\t\t\t\t<section class=\"has_eae_slider elementor-section elementor-top-section elementor-element elementor-element-f953f01 elementor-section-boxed elementor-section-height-default elementor-section-height-default\" data-id=\"f953f01\" data-element_type=\"section\">\n\t\t\t\t\t\t<div class=\"elementor-container elementor-column-gap-default\">\n\t\t\t\t\t<div class=\"has_eae_slider elementor-column elementor-col-100 elementor-top-column elementor-element elementor-element-1b77169\" data-id=\"1b77169\" data-element_type=\"column\">\n\t\t\t<div class=\"elementor-widget-wrap\">\n\t\t\t\t\t\t\t\t\t<\/div>\n\t\t<\/div>\n\t\t\t\t\t\t\t<\/div>\n\t\t<\/section>\n\t\t\t\t\t\t<\/div>\n\t\t\t\t\t<\/div>\n\t\t","protected":false},"excerpt":{"rendered":"<p>Mokri\u0161\u010da Bogastvo \u017eivljenja Bogastvo \u017eivljenjaMokri\u0161\u010da so najbolj pestri ekosistemi na na\u0161em planetu. Pojavljajo se v \u0161tevilnih oblikah, za vse pa je zna\u010dilna prisotnost vode. Voda je lahko sladka, polslana ali slana, stalna ali presihajo\u010da. Zemljo lahko popolnoma prekriva, ali pa sega le tik do povr\u0161ja tal. Med mokri\u0161\u010da sodijo mo\u010dvirja, barja, \u0161oti\u0161\u010da, poplavni gozdovi, pa [&hellip;]<\/p>\n","protected":false},"author":1,"featured_media":0,"parent":0,"menu_order":4,"comment_status":"closed","ping_status":"closed","template":"","meta":{"footnotes":""},"class_list":["post-80","page","type-page","status-publish","hentry"],"_links":{"self":[{"href":"https:\/\/rakitna.si\/ucna-pot\/wp-json\/wp\/v2\/pages\/80","targetHints":{"allow":["GET"]}}],"collection":[{"href":"https:\/\/rakitna.si\/ucna-pot\/wp-json\/wp\/v2\/pages"}],"about":[{"href":"https:\/\/rakitna.si\/ucna-pot\/wp-json\/wp\/v2\/types\/page"}],"author":[{"embeddable":true,"href":"https:\/\/rakitna.si\/ucna-pot\/wp-json\/wp\/v2\/users\/1"}],"replies":[{"embeddable":true,"href":"https:\/\/rakitna.si\/ucna-pot\/wp-json\/wp\/v2\/comments?post=80"}],"version-history":[{"count":42,"href":"https:\/\/rakitna.si\/ucna-pot\/wp-json\/wp\/v2\/pages\/80\/revisions"}],"predecessor-version":[{"id":302,"href":"https:\/\/rakitna.si\/ucna-pot\/wp-json\/wp\/v2\/pages\/80\/revisions\/302"}],"wp:attachment":[{"href":"https:\/\/rakitna.si\/ucna-pot\/wp-json\/wp\/v2\/media?parent=80"}],"curies":[{"name":"wp","href":"https:\/\/api.w.org\/{rel}","templated":true}]}}