{"id":78,"date":"2021-09-17T20:58:20","date_gmt":"2021-09-17T20:58:20","guid":{"rendered":"https:\/\/rakitna.si\/ucna-pot\/jezero-in-potok\/"},"modified":"2021-09-17T22:45:39","modified_gmt":"2021-09-17T22:45:39","slug":"jezero-in-potok","status":"publish","type":"page","link":"https:\/\/rakitna.si\/ucna-pot\/jezero-in-potok\/","title":{"rendered":"Jezero in potok"},"content":{"rendered":"\t\t<div data-elementor-type=\"wp-page\" data-elementor-id=\"78\" class=\"elementor elementor-78\" data-elementor-settings=\"[]\">\n\t\t\t\t\t\t\t<div class=\"elementor-section-wrap\">\n\t\t\t\t\t\t\t<section class=\"has_eae_slider elementor-section elementor-top-section elementor-element elementor-element-2873f527 elementor-section-boxed elementor-section-height-default elementor-section-height-default\" data-id=\"2873f527\" data-element_type=\"section\">\n\t\t\t\t\t\t<div class=\"elementor-container elementor-column-gap-default\">\n\t\t\t\t\t<div class=\"has_eae_slider elementor-column elementor-col-100 elementor-top-column elementor-element elementor-element-35bf0916\" data-id=\"35bf0916\" data-element_type=\"column\">\n\t\t\t<div class=\"elementor-widget-wrap elementor-element-populated\">\n\t\t\t\t\t\t\t\t<div class=\"elementor-element elementor-element-319d0287 elementor-widget elementor-widget-heading\" data-id=\"319d0287\" data-element_type=\"widget\" data-widget_type=\"heading.default\">\n\t\t\t\t<div class=\"elementor-widget-container\">\n\t\t\t<h2 class=\"elementor-heading-title elementor-size-default\">Jezero in potok<\/h2>\t\t<\/div>\n\t\t\t\t<\/div>\n\t\t\t\t<div class=\"elementor-element elementor-element-402ca599 elementor-widget elementor-widget-heading\" data-id=\"402ca599\" data-element_type=\"widget\" data-widget_type=\"heading.default\">\n\t\t\t\t<div class=\"elementor-widget-container\">\n\t\t\t<h4 class=\"elementor-heading-title elementor-size-default\">\u010clovekovi posegi v vodno \u017eivljenje<\/h4>\t\t<\/div>\n\t\t\t\t<\/div>\n\t\t\t\t\t<\/div>\n\t\t<\/div>\n\t\t\t\t\t\t\t<\/div>\n\t\t<\/section>\n\t\t\t\t<section class=\"has_eae_slider elementor-section elementor-top-section elementor-element elementor-element-7f0193f7 elementor-section-stretched elementor-section-boxed elementor-section-height-default elementor-section-height-default\" data-id=\"7f0193f7\" data-element_type=\"section\" data-settings=\"{&quot;stretch_section&quot;:&quot;section-stretched&quot;}\">\n\t\t\t\t\t\t<div class=\"elementor-container elementor-column-gap-default\">\n\t\t\t\t\t<div class=\"has_eae_slider elementor-column elementor-col-33 elementor-top-column elementor-element elementor-element-284b1fea\" data-id=\"284b1fea\" data-element_type=\"column\">\n\t\t\t<div class=\"elementor-widget-wrap elementor-element-populated\">\n\t\t\t\t\t\t\t\t<div class=\"elementor-element elementor-element-430c2d0a elementor-widget elementor-widget-text-editor\" data-id=\"430c2d0a\" data-element_type=\"widget\" data-widget_type=\"text-editor.default\">\n\t\t\t\t<div class=\"elementor-widget-container\">\n\t\t\t\t\t\t\t<div class=\"itemFullText\"><div class=\"itemFullText\"><p><strong>Melioracija in izgradnja jezera<\/strong><br \/>Mre\u017ea potokov je na Raki\u0161ki planoti razmeroma malo razvejana. Vode se zbirajo pod okoli\u0161kimi hribi (Vrh Zale, Nova\u0161ka gora) in poniknejo v Ponikvah severno od vasi. V preteklosti so vode oblikovale mo\u010dvirno poplavno obmo\u010dje, ki so ga prepredali meandrirajo\u010di potoki. Bregove je obra\u0161\u010dala naravna mo\u010dvirna vegetacija, \u0161a\u0161ja in rogozi. Kjer niso bili ko\u0161eni, so bili obrasli z vrbami rakitami, ki so zna\u010dilne za stalno omo\u010dena obmo\u010dja. V poplavnih delih so bila nizka barja in mokrotni travniki, ki so mestoma ohranjeni \u0161e danes. Zaradi kra\u0161kih lastnosti prispevnega obmo\u010dja so nekateri deli potokov v su\u0161nem delu leta presahnili. Mestoma so bile ve\u010dje depresije, v katerih je bila voda vse leto. Ena tak\u0161nih je bila na mestu dana\u0161njega jezera.<\/p><p>Jezero so leta 1962 najprej poskusno zajezili va\u0161ki prostovoljci, da bi spodbudili razvoj turizma. Dve leti kasneje so izkopali mehko zemljino ter zgradili utrjene bre\u017eine in betonski ja\u0161ek za uravnavanje vodostaja in ob\u010dasne izpuste vode. V preteklosti so jezero vsakih nekaj let izpraznili, da bi izprali mulj ter z dna pobrali odvr\u017eene predmete. V \u010dasu izgradnje jezera so poglobili in uravnali tudi strugo potoka. V prvotnem, vijugastem stanju so ostali le zgornji gozdni odseki.<\/p><p>Rezultat vseh teh posegov je zmanj\u0161ano poplavno obmo\u010dje. Danes se \u017ee ka\u017eejo nekatere njihove negativne posledice. Mokrotni travniki se zara\u0161\u010dajo s \u010drno jel\u0161o, regulirani potoki, kjer je pogosto odstranjena tudi vsa lesna vegetacija, imajo slab\u0161o samo\u010distilno sposobnost, voda v jezeru je vse manj \u010dista. K temu prispevajo tudi izpusti odpadnih voda iz vse \u0161tevilnej\u0161ih po\u010ditni\u0161kih hi\u0161ic. Za ohranjanje raznovrstnosti vodnih organizmov je klju\u010dno \u010di\u0161\u010denje odpadnih voda. Dobrodo\u0161la pa bi bila tudi opustitev \u00bburejanja\u00ab vodotokov na obmo\u010djih, kjer to ne bi neposredno omejilo \u010dlovekovih dejavnosti; s tem bi potokom omogo\u010dili, da spet razvijejo meandre.<\/p><p><strong>Ribje vrste v Rakitni<\/strong><br \/>Vse vrste rib je na Raki\u0161ko planoto najverjetneje vnesel \u010dlovek, nekatere tudi nehote, morda \u017ee z vzpostavitvijo prve stalne naselbine. Prvi so bili verjetno naseljeni kleni (Squalius cephalus). Dograjeno jezero je postalo zanimivo za ribolov. Ribi\u010di so v jezero poskusno naselili \u0161tevilne vrste, nekatere so obstale, druge ne. Najve\u010dji ulov predstavljajo vrste, ki jih tudi najve\u010d naselijo. Prednja\u010di krap (Cyprinus carpio), poleg njega lovijo tudi klena, rde\u010deoko (Rutilus rutilus), rde\u010deperko (Scardinius erythrophthalmus), plo\u0161\u010di\u010da (Abramis brama) in navadnega ostri\u017ea (Perca fluviatilis). Vlo\u017eili so tudi tujerodnega rastlinojedega amurja (Ctenopharyngodon idella) in ameri\u0161ko postrv \u0161arenko (Oncorhynchus mykiss), ki pa se na sre\u010do v jezeru ne razmno\u017eujeta. Zaradi rastlinojedih vrst rib in utrjenih bre\u017ein namre\u010d skoraj ni vodnih rastlin, kar je sicer ugodno za kopalce, a slabo za samo\u010distilno sposobnost jezera. Danes se v jezeru drstijo le manj zahtevne vrste. Z brega bomo najla\u017eje opazili klene, ki pa praviloma hitro pobegnejo. Ob primerni svetlobi in pozornem opazovanju bomo videli tudi majhne navadne ostri\u017ee. Ponavadi plavajo v skupinah, od drugih vrst jih lo\u010dimo po pre\u010dnih progah. Poleti se sredi jezera tik pod gladino son\u010dijo veliki krapi.<\/p><p><strong>Razmno\u017eevanje ali drstenje rib<\/strong><br \/>Ve\u010dina vrst rib se drsti v \u010dasu, ko je za njihove li\u010dinke najve\u010d hrane, ko je najmanj plenilcev abiotski pogoji pa so primerni. Pozno jeseni se drsti poto\u010dna postrv (Salmo trutta fario). Njene ikre so ve\u010dje kot pri ostalih ribah, kar predstavlja pomembno prednost \u2013 ve\u010dje so tudi izle\u017eene li\u010dinke. Druga skupina ribjih vrst se drsti zgodaj spomladi. Mednje sodi \u0161\u010duka (Esox lucius), ki ikre prileplja na rastline v plitvi vodi, kjer je zaradi vi\u0161je temperature razvoj hiter. Ko se izle\u017eejo mladice drugih vrst rib, so mladice \u0161\u010duke ravno dovolj velike, da jih lahko plenijo. Tretjo skupino predstavljajo pozno pomladanske in poletne drstnice. Med te spada ve\u010dina vrst rib, najbolj pogoste so klen, zelenika (Alburnus alburnus alburnus), rde\u010deperka.<\/p><p><strong>Poto\u010dni raki<\/strong><br \/>Na obmo\u010dju Rakitne \u017eivita poto\u010dna raka ko\u0161\u010dak (Austropotamobius torrentium) in jel\u0161evec (Astacus astacus), ki sta oba za\u0161\u010ditena. Prvi je avtohton (domoroden), drugi pa je bil na Rakitno verjetno prine\u0161en. Jel\u0161evca najdemo predvsem v jezeru ter v izlivnih delih potokov, ko\u0161\u010daka pa v zgornjih delih potokov in pred ponori. Najla\u017eje ju lo\u010dimo po obliki konice glave in trnih.<\/p><p>Jel\u0161evec ima na Rakitni dolgo zgodovino. V preteklosti so ga mno\u017ei\u010dno lovili. Prodaja rakov je Raki\u010danom \u0161e v drugi polovici 20. stoletja prina\u0161ala pomemben postranski prihodek. V najbolj\u0161ih vodah si je pravico do lova zakupilo ali druga\u010de prisvojilo plemstvo in vode varovalo z najetimi \u010duvaji. Krivolov so strogo kaznovali.<\/p><p>\u010ceprav poto\u010dni rak diha s \u0161krgami, lahko zunaj vode pre\u017eivi ve\u010d dni, \u010de le ne dehidrira. Njegove \u0161krge so name\u0161\u010dene v votlini pod prsnim ko\u0161em, ki je lahko napolnjena z vodo ali zrakom. \u010ce najdemo raka na suhem, ga ne smemo vre\u010di v vodo, saj ujetega zraka ne bo mogel iz\u010drpati iz ko\u0161a. Najbolje je, \u010de ga polo\u017eimo na breg ali kamen, od koder bo sam na\u0161el pot v vodo.<\/p><p>Izraz \u00bbrak rana\u00ab ne izvira iz rakavih bolezni, temve\u010d iz prehranjevalnih navad raka. Ko se rak loti plena, ga zlepa ne spusti. Ko se loti ve\u010djega plena, ga lahko z mo\u010dnimi \u0161karjami dr\u017ei, ne more pa ga pokon\u010dati in ga navadno obira kar pri \u017eivem telesu.<\/p><\/div><\/div>\t\t\t\t\t\t<\/div>\n\t\t\t\t<\/div>\n\t\t\t\t<div class=\"elementor-element elementor-element-5a787347 elementor-widget elementor-widget-text-editor\" data-id=\"5a787347\" data-element_type=\"widget\" data-widget_type=\"text-editor.default\">\n\t\t\t\t<div class=\"elementor-widget-container\">\n\t\t\t\t\t\t\t<p>Avtor besedila: Marjan Govedi\u010d in dr. Klemen Jerina<br \/>Risbe: Zavod za ribi\u0161tvo RS, Foto: Marjan Govedi\u010d<\/p>\t\t\t\t\t\t<\/div>\n\t\t\t\t<\/div>\n\t\t\t\t\t<\/div>\n\t\t<\/div>\n\t\t\t\t<div class=\"has_eae_slider elementor-column elementor-col-33 elementor-top-column elementor-element elementor-element-4008d5d0\" data-id=\"4008d5d0\" data-element_type=\"column\">\n\t\t\t<div class=\"elementor-widget-wrap elementor-element-populated\">\n\t\t\t\t\t\t\t\t<div class=\"elementor-element elementor-element-3cd18f46 elementor-widget elementor-widget-image\" data-id=\"3cd18f46\" data-element_type=\"widget\" data-widget_type=\"image.default\">\n\t\t\t\t<div class=\"elementor-widget-container\">\n\t\t\t\t\t\t\t\t\t\t\t\t<figure class=\"wp-caption\">\n\t\t\t\t\t\t\t\t\t\t\t<a href=\"https:\/\/rakitna.si\/ucna-pot\/wp-content\/uploads\/2021\/09\/2_klen.jpg\" data-elementor-open-lightbox=\"yes\" data-elementor-lightbox-title=\"Klen\">\n\t\t\t\t\t\t\t<img loading=\"lazy\" decoding=\"async\" width=\"334\" height=\"326\" src=\"https:\/\/rakitna.si\/ucna-pot\/wp-content\/uploads\/2021\/09\/2_klen.jpg\" class=\"attachment-large size-large\" alt=\"\" srcset=\"https:\/\/rakitna.si\/ucna-pot\/wp-content\/uploads\/2021\/09\/2_klen.jpg 334w, https:\/\/rakitna.si\/ucna-pot\/wp-content\/uploads\/2021\/09\/2_klen-300x293.jpg 300w\" sizes=\"auto, (max-width: 334px) 100vw, 334px\" \/>\t\t\t\t\t\t\t\t<\/a>\n\t\t\t\t\t\t\t\t\t\t\t<figcaption class=\"widget-image-caption wp-caption-text\">Klen<\/figcaption>\n\t\t\t\t\t\t\t\t\t\t<\/figure>\n\t\t\t\t\t\t\t\t\t<\/div>\n\t\t\t\t<\/div>\n\t\t\t\t<div class=\"elementor-element elementor-element-4491101f elementor-widget elementor-widget-image\" data-id=\"4491101f\" data-element_type=\"widget\" data-widget_type=\"image.default\">\n\t\t\t\t<div class=\"elementor-widget-container\">\n\t\t\t\t\t\t\t\t\t\t\t\t<figure class=\"wp-caption\">\n\t\t\t\t\t\t\t\t\t\t\t<a href=\"https:\/\/rakitna.si\/ucna-pot\/wp-content\/uploads\/2021\/09\/2_rdeceperka.jpg\" data-elementor-open-lightbox=\"yes\" data-elementor-lightbox-title=\"Rde\u010deperka\">\n\t\t\t\t\t\t\t<img loading=\"lazy\" decoding=\"async\" width=\"333\" height=\"325\" src=\"https:\/\/rakitna.si\/ucna-pot\/wp-content\/uploads\/2021\/09\/2_rdeceperka.jpg\" class=\"attachment-large size-large\" alt=\"\" srcset=\"https:\/\/rakitna.si\/ucna-pot\/wp-content\/uploads\/2021\/09\/2_rdeceperka.jpg 333w, https:\/\/rakitna.si\/ucna-pot\/wp-content\/uploads\/2021\/09\/2_rdeceperka-300x293.jpg 300w\" sizes=\"auto, (max-width: 333px) 100vw, 333px\" \/>\t\t\t\t\t\t\t\t<\/a>\n\t\t\t\t\t\t\t\t\t\t\t<figcaption class=\"widget-image-caption wp-caption-text\">Rde\u010deperka<\/figcaption>\n\t\t\t\t\t\t\t\t\t\t<\/figure>\n\t\t\t\t\t\t\t\t\t<\/div>\n\t\t\t\t<\/div>\n\t\t\t\t<div class=\"elementor-element elementor-element-2dbd06ba elementor-widget elementor-widget-image\" data-id=\"2dbd06ba\" data-element_type=\"widget\" data-widget_type=\"image.default\">\n\t\t\t\t<div class=\"elementor-widget-container\">\n\t\t\t\t\t\t\t\t\t\t\t\t<figure class=\"wp-caption\">\n\t\t\t\t\t\t\t\t\t\t\t<a href=\"https:\/\/rakitna.si\/ucna-pot\/wp-content\/uploads\/2021\/09\/2_jelsevec.jpg\" data-elementor-open-lightbox=\"yes\" data-elementor-lightbox-title=\"Jel\u0161evec\">\n\t\t\t\t\t\t\t<img loading=\"lazy\" decoding=\"async\" width=\"333\" height=\"327\" src=\"https:\/\/rakitna.si\/ucna-pot\/wp-content\/uploads\/2021\/09\/2_jelsevec.jpg\" class=\"attachment-large size-large\" alt=\"\" srcset=\"https:\/\/rakitna.si\/ucna-pot\/wp-content\/uploads\/2021\/09\/2_jelsevec.jpg 333w, https:\/\/rakitna.si\/ucna-pot\/wp-content\/uploads\/2021\/09\/2_jelsevec-300x295.jpg 300w\" sizes=\"auto, (max-width: 333px) 100vw, 333px\" \/>\t\t\t\t\t\t\t\t<\/a>\n\t\t\t\t\t\t\t\t\t\t\t<figcaption class=\"widget-image-caption wp-caption-text\">Jel\u0161evec<\/figcaption>\n\t\t\t\t\t\t\t\t\t\t<\/figure>\n\t\t\t\t\t\t\t\t\t<\/div>\n\t\t\t\t<\/div>\n\t\t\t\t\t<\/div>\n\t\t<\/div>\n\t\t\t\t<div class=\"has_eae_slider elementor-column elementor-col-33 elementor-top-column elementor-element elementor-element-4bd2fe12\" data-id=\"4bd2fe12\" data-element_type=\"column\">\n\t\t\t<div class=\"elementor-widget-wrap elementor-element-populated\">\n\t\t\t\t\t\t\t\t<div class=\"elementor-element elementor-element-48f427bf elementor-widget elementor-widget-image\" data-id=\"48f427bf\" data-element_type=\"widget\" data-widget_type=\"image.default\">\n\t\t\t\t<div class=\"elementor-widget-container\">\n\t\t\t\t\t\t\t\t\t\t\t\t<figure class=\"wp-caption\">\n\t\t\t\t\t\t\t\t\t\t\t<a href=\"https:\/\/rakitna.si\/ucna-pot\/wp-content\/uploads\/2021\/09\/2_ostriz.jpg\" data-elementor-open-lightbox=\"yes\" data-elementor-lightbox-title=\"Ostri\u017e\">\n\t\t\t\t\t\t\t<img loading=\"lazy\" decoding=\"async\" width=\"332\" height=\"328\" src=\"https:\/\/rakitna.si\/ucna-pot\/wp-content\/uploads\/2021\/09\/2_ostriz.jpg\" class=\"attachment-medium_large size-medium_large\" alt=\"\" srcset=\"https:\/\/rakitna.si\/ucna-pot\/wp-content\/uploads\/2021\/09\/2_ostriz.jpg 332w, https:\/\/rakitna.si\/ucna-pot\/wp-content\/uploads\/2021\/09\/2_ostriz-300x296.jpg 300w\" sizes=\"auto, (max-width: 332px) 100vw, 332px\" \/>\t\t\t\t\t\t\t\t<\/a>\n\t\t\t\t\t\t\t\t\t\t\t<figcaption class=\"widget-image-caption wp-caption-text\"> Navaden ostri\u017e<\/figcaption>\n\t\t\t\t\t\t\t\t\t\t<\/figure>\n\t\t\t\t\t\t\t\t\t<\/div>\n\t\t\t\t<\/div>\n\t\t\t\t<div class=\"elementor-element elementor-element-7a225e71 elementor-widget elementor-widget-image\" data-id=\"7a225e71\" data-element_type=\"widget\" data-widget_type=\"image.default\">\n\t\t\t\t<div class=\"elementor-widget-container\">\n\t\t\t\t\t\t\t\t\t\t\t\t<figure class=\"wp-caption\">\n\t\t\t\t\t\t\t\t\t\t\t<a href=\"https:\/\/rakitna.si\/ucna-pot\/wp-content\/uploads\/2021\/09\/2_krap.jpg\" data-elementor-open-lightbox=\"yes\" data-elementor-lightbox-title=\"Krap\">\n\t\t\t\t\t\t\t<img loading=\"lazy\" decoding=\"async\" width=\"332\" height=\"324\" src=\"https:\/\/rakitna.si\/ucna-pot\/wp-content\/uploads\/2021\/09\/2_krap.jpg\" class=\"attachment-large size-large\" alt=\"\" srcset=\"https:\/\/rakitna.si\/ucna-pot\/wp-content\/uploads\/2021\/09\/2_krap.jpg 332w, https:\/\/rakitna.si\/ucna-pot\/wp-content\/uploads\/2021\/09\/2_krap-300x293.jpg 300w\" sizes=\"auto, (max-width: 332px) 100vw, 332px\" \/>\t\t\t\t\t\t\t\t<\/a>\n\t\t\t\t\t\t\t\t\t\t\t<figcaption class=\"widget-image-caption wp-caption-text\">Krap<\/figcaption>\n\t\t\t\t\t\t\t\t\t\t<\/figure>\n\t\t\t\t\t\t\t\t\t<\/div>\n\t\t\t\t<\/div>\n\t\t\t\t<div class=\"elementor-element elementor-element-56436ef3 elementor-widget elementor-widget-image\" data-id=\"56436ef3\" data-element_type=\"widget\" data-widget_type=\"image.default\">\n\t\t\t\t<div class=\"elementor-widget-container\">\n\t\t\t\t\t\t\t\t\t\t\t\t<figure class=\"wp-caption\">\n\t\t\t\t\t\t\t\t\t\t\t<a href=\"https:\/\/rakitna.si\/ucna-pot\/wp-content\/uploads\/2021\/09\/2_koscak.jpg\" data-elementor-open-lightbox=\"yes\" data-elementor-lightbox-title=\"Ko\u0161\u010dak\">\n\t\t\t\t\t\t\t<img loading=\"lazy\" decoding=\"async\" width=\"333\" height=\"329\" src=\"https:\/\/rakitna.si\/ucna-pot\/wp-content\/uploads\/2021\/09\/2_koscak.jpg\" class=\"attachment-large size-large\" alt=\"\" srcset=\"https:\/\/rakitna.si\/ucna-pot\/wp-content\/uploads\/2021\/09\/2_koscak.jpg 333w, https:\/\/rakitna.si\/ucna-pot\/wp-content\/uploads\/2021\/09\/2_koscak-300x296.jpg 300w\" sizes=\"auto, (max-width: 333px) 100vw, 333px\" \/>\t\t\t\t\t\t\t\t<\/a>\n\t\t\t\t\t\t\t\t\t\t\t<figcaption class=\"widget-image-caption wp-caption-text\">Ko\u0161\u010dak<\/figcaption>\n\t\t\t\t\t\t\t\t\t\t<\/figure>\n\t\t\t\t\t\t\t\t\t<\/div>\n\t\t\t\t<\/div>\n\t\t\t\t\t<\/div>\n\t\t<\/div>\n\t\t\t\t\t\t\t<\/div>\n\t\t<\/section>\n\t\t\t\t\t\t<\/div>\n\t\t\t\t\t<\/div>\n\t\t","protected":false},"excerpt":{"rendered":"<p>Jezero in potok \u010clovekovi posegi v vodno \u017eivljenje Melioracija in izgradnja jezeraMre\u017ea potokov je na Raki\u0161ki planoti razmeroma malo razvejana. Vode se zbirajo pod okoli\u0161kimi hribi (Vrh Zale, Nova\u0161ka gora) in poniknejo v Ponikvah severno od vasi. V preteklosti so vode oblikovale mo\u010dvirno poplavno obmo\u010dje, ki so ga prepredali meandrirajo\u010di potoki. Bregove je obra\u0161\u010dala naravna [&hellip;]<\/p>\n","protected":false},"author":1,"featured_media":0,"parent":0,"menu_order":2,"comment_status":"closed","ping_status":"closed","template":"","meta":{"footnotes":""},"class_list":["post-78","page","type-page","status-publish","hentry"],"_links":{"self":[{"href":"https:\/\/rakitna.si\/ucna-pot\/wp-json\/wp\/v2\/pages\/78","targetHints":{"allow":["GET"]}}],"collection":[{"href":"https:\/\/rakitna.si\/ucna-pot\/wp-json\/wp\/v2\/pages"}],"about":[{"href":"https:\/\/rakitna.si\/ucna-pot\/wp-json\/wp\/v2\/types\/page"}],"author":[{"embeddable":true,"href":"https:\/\/rakitna.si\/ucna-pot\/wp-json\/wp\/v2\/users\/1"}],"replies":[{"embeddable":true,"href":"https:\/\/rakitna.si\/ucna-pot\/wp-json\/wp\/v2\/comments?post=78"}],"version-history":[{"count":18,"href":"https:\/\/rakitna.si\/ucna-pot\/wp-json\/wp\/v2\/pages\/78\/revisions"}],"predecessor-version":[{"id":230,"href":"https:\/\/rakitna.si\/ucna-pot\/wp-json\/wp\/v2\/pages\/78\/revisions\/230"}],"wp:attachment":[{"href":"https:\/\/rakitna.si\/ucna-pot\/wp-json\/wp\/v2\/media?parent=78"}],"curies":[{"name":"wp","href":"https:\/\/api.w.org\/{rel}","templated":true}]}}